{"id":1567,"date":"2013-06-07T11:37:23","date_gmt":"2013-06-07T17:37:23","guid":{"rendered":"http:\/\/demo2.woothemes.com\/woocommerce\/?post_type=product&#038;p=96"},"modified":"2021-06-14T19:15:00","modified_gmt":"2021-06-14T19:15:00","slug":"820i-indicador-de-peso-semi-programable","status":"publish","type":"product","link":"https:\/\/basculasint.com\/en\/producto\/820i-indicador-de-peso-semi-programable\/","title":{"rendered":"820i Indicador de peso semi-programable"},"content":{"rendered":"","protected":false},"excerpt":{"rendered":"<ul>\n<li>Display LCD grande de 4.6 pulgadas de ancho por 2.2 pulgadas de alto, 320 x 156 pixel, puede mostrar en pantalla datos de una o dos b\u00e1sculas y el total.<\/li>\n<li>Cinco teclas multifuncionales, calibraci\u00f3n a trav\u00e9s de masas patr\u00f3n de referencia o mili voltaje incluyendo linearizaci\u00f3n y compensaci\u00f3n geogr\u00e1fica.<\/li>\n<li>Carcaza en acero inoxidable y puede energizar hasta 16 celdas de carga de 350 ohm cada una.<\/li>\n<li>Memoria para 1000 n\u00famero de ID para pesaje de entrada y salida de camiones.<\/li>\n<li>Ocho entradas digitales y programas de funcionamiento y operaci\u00f3n descargarles v\u00eda Revolution.<\/li>\n<\/ul>\n<div><a href=\"http:\/\/www.ricelake.com\/products\/indicators-controllers\/rice-lake\/820i-programmable-indicator-controller\" target=\"_blank\" rel=\"noopener\">Documentaci\u00f3n<\/a><\/div>\n","protected":false},"featured_media":8397,"template":"","meta":[],"class_list":["post-1567","product","type-product","status-publish","has-post-thumbnail","hentry","product_cat-indicadores","product_cat-semiprogramables"],"_links":{"self":[{"href":"https:\/\/basculasint.com\/en\/wp-json\/wp\/v2\/product\/1567\/"}],"collection":[{"href":"https:\/\/basculasint.com\/en\/wp-json\/wp\/v2\/product\/"}],"about":[{"href":"https:\/\/basculasint.com\/en\/wp-json\/wp\/v2\/types\/product\/"}],"wp:featuredmedia":[{"embeddable":true,"href":"https:\/\/basculasint.com\/en\/wp-json\/wp\/v2\/media\/8397\/"}],"wp:attachment":[{"href":"https:\/\/basculasint.com\/en\/wp-json\/wp\/v2\/media\/?parent=1567"}],"curies":[{"name":"wp","href":"https:\/\/api.w.org\/{rel}","templated":true}]}}