{"id":4116,"date":"2016-02-06T13:08:40","date_gmt":"2016-02-06T19:08:40","guid":{"rendered":"http:\/\/localhost\/producto\/zm301indicador-de-peso-semi-programable-weigh-tronix\/"},"modified":"2021-08-05T17:36:31","modified_gmt":"2021-08-05T17:36:31","slug":"zm301indicador-de-peso-semi-programable-weigh-tronix","status":"publish","type":"product","link":"https:\/\/basculasint.com\/en\/producto\/zm301indicador-de-peso-semi-programable-weigh-tronix\/","title":{"rendered":"ZM301\tIndicador de peso semi programable, Weigh Tronix"},"content":{"rendered":"","protected":false},"excerpt":{"rendered":"<p><span style=\"font-weight: 400;\">Indicador sencillo de f\u00e1cil operaci\u00f3n. Captura valores a la impresionante tasa de 80 veces por segundo para lograr r\u00e1pidos pesajes. Se surte con seis teclas operacionales que incluyen el Cero, Imprimir, Unidades, Tara, Seleccionar y F1. Dise\u00f1ado con rutinas operacionales o aplicaciones que se pueden configurar en cualquier momento durante su instalaci\u00f3n; hechas a la medida para cualquier espec\u00edfica soluci\u00f3n. <\/span><\/p>\n<p><span style=\"font-weight: 400;\">Se surte en una variedad de gabinetes, adecuados para una variedad de ambientes, tales como aluminio protector, acero inoxidable certificado IP69k o acero inoxidable para montaje en panel.<\/span><\/p>\n<p>.<a href=\"http:\/\/www.averyweigh-tronix.com\/products\/indicators\/zm301\/\">Documentaci\u00f3n<\/a><\/p>\n","protected":false},"featured_media":8464,"template":"","meta":[],"class_list":["post-4116","product","type-product","status-publish","has-post-thumbnail","hentry","product_cat-indicadores","product_cat-semiprogramables"],"_links":{"self":[{"href":"https:\/\/basculasint.com\/en\/wp-json\/wp\/v2\/product\/4116\/"}],"collection":[{"href":"https:\/\/basculasint.com\/en\/wp-json\/wp\/v2\/product\/"}],"about":[{"href":"https:\/\/basculasint.com\/en\/wp-json\/wp\/v2\/types\/product\/"}],"wp:featuredmedia":[{"embeddable":true,"href":"https:\/\/basculasint.com\/en\/wp-json\/wp\/v2\/media\/8464\/"}],"wp:attachment":[{"href":"https:\/\/basculasint.com\/en\/wp-json\/wp\/v2\/media\/?parent=4116"}],"curies":[{"name":"wp","href":"https:\/\/api.w.org\/{rel}","templated":true}]}}