{"id":4121,"date":"2016-02-06T13:21:17","date_gmt":"2016-02-06T19:21:17","guid":{"rendered":"http:\/\/localhost\/producto\/zm303indicador-de-peso-semi-programable-weigh-tronix\/"},"modified":"2021-08-05T17:38:19","modified_gmt":"2021-08-05T17:38:19","slug":"zm303indicador-de-peso-semi-programable-weigh-tronix","status":"publish","type":"product","link":"https:\/\/basculasint.com\/en\/producto\/zm303indicador-de-peso-semi-programable-weigh-tronix\/","title":{"rendered":"ZM303\tIndicador de peso semi programable, Weigh Tronix"},"content":{"rendered":"","protected":false},"excerpt":{"rendered":"<p><span style=\"font-weight: 400;\">Indicador de amplio desempe\u00f1o ideal para aplicaciones industriales. Incluye teclado num\u00e9rico muy completo para todas las funciones que realiza. Captura valores a la impresionante tasa de 80 veces por segundo para lograr r\u00e1pidos pesajes. Dise\u00f1ado con rutinas operacionales o aplicaciones que se pueden configurar en cualquier momento durante su instalaci\u00f3n; hechas a la medida para cualquier espec\u00edfica soluci\u00f3n. <\/span><\/p>\n<p><span style=\"font-weight: 400;\">Se surte en una variedad de gabinetes, adecuados para una variedad de ambientes, tales como aluminio protector, acero inoxidable certificado IP69k o acero inoxidable para montaje en panel.<\/span><\/p>\n<p><span style=\"font-weight: 400;\">Cuenta con multi-conectividad asegurando compatibilidad entre viejas y nuevas tecnolog\u00edas perif\u00e9ricas. Incluye un puerto Ethernet est\u00e1ndar soportando una r\u00e1pida y eficiente transferencia de datos tanto localmente como a trav\u00e9s del globo v\u00eda una red IP; incluye dos puertos seriales RS-232 para transmitir datos a equipos viejos. Cuenta tambi\u00e9n con puerto hu\u00e9sped USB que facilita la comunicaci\u00f3n con una impresora, as\u00ed como tambi\u00e9n ofrece la opci\u00f3n de un dispositivo de almacenaje USB para la transferencia de datos a una PC de oficina para su integraci\u00f3n y administraci\u00f3n. Opcionalmente cuenta tambi\u00e9n con salida an\u00e1loga, dispositivo USB, Lazo de Corriente, RS485\/RS422 y Ethernet Inal\u00e1mbrico para numerosas aplicaciones.<\/span><\/p>\n<p><span style=\"font-weight: 400;\">Su pantalla de alto contraste con tecnolog\u00eda IBN para lectura en interiores, de nueve segmentos, proporciona excelente visibilidad y contraste de color y amplios \u00e1ngulos de visi\u00f3n. Con tecnolog\u00eda TN para lectura en exteriores.<\/span><\/p>\n<p><a href=\"http:\/\/www.averyweigh-tronix.com\/products\/indicators\/zm303\/\">Documentaci\u00f3n<\/a><\/p>\n","protected":false},"featured_media":8466,"template":"","meta":[],"class_list":["post-4121","product","type-product","status-publish","has-post-thumbnail","hentry","product_cat-indicadores","product_cat-semiprogramables"],"_links":{"self":[{"href":"https:\/\/basculasint.com\/en\/wp-json\/wp\/v2\/product\/4121\/"}],"collection":[{"href":"https:\/\/basculasint.com\/en\/wp-json\/wp\/v2\/product\/"}],"about":[{"href":"https:\/\/basculasint.com\/en\/wp-json\/wp\/v2\/types\/product\/"}],"wp:featuredmedia":[{"embeddable":true,"href":"https:\/\/basculasint.com\/en\/wp-json\/wp\/v2\/media\/8466\/"}],"wp:attachment":[{"href":"https:\/\/basculasint.com\/en\/wp-json\/wp\/v2\/media\/?parent=4121"}],"curies":[{"name":"wp","href":"https:\/\/api.w.org\/{rel}","templated":true}]}}