{"id":4125,"date":"2016-02-06T13:29:39","date_gmt":"2016-02-06T19:29:39","guid":{"rendered":"http:\/\/localhost\/producto\/zm305indicador-de-peso-semi-programmableweigh-tronix\/"},"modified":"2021-08-05T18:27:57","modified_gmt":"2021-08-05T18:27:57","slug":"zm305indicador-de-peso-semi-programmableweigh-tronix","status":"publish","type":"product","link":"https:\/\/basculasint.com\/en\/producto\/zm305indicador-de-peso-semi-programmableweigh-tronix\/","title":{"rendered":"ZM305 Indicador de peso semi programmable, Weigh Tronix"},"content":{"rendered":"","protected":false},"excerpt":{"rendered":"<ul>\n<li><span style=\"font-weight: 400;\">Indicador de amplio desempe\u00f1o para satisfacer diversas aplicaciones. Se ofrece como modelo est\u00e1ndar para aplicaciones de pesaje en general, pesaje din\u00e1mico, acumulador de pesadas, chequeo de peso, pesos pico, pesaje en dosificaciones y como display remoto. Tambi\u00e9n se ofrece en su versi\u00f3n BTN (Bruto\/Tara\/\/Neto) para el pesaje de entradas y salidas de cargas vehiculares. Su base de datos le permite almacenar hasta 1000 (mil) n\u00fameros de identificaci\u00f3n de veh\u00edculos incluyendo totales de pesos bruto, tara y neto, n\u00famero de transacciones, pesos tara de flotas y la hora\/fecha de entrada del veh\u00edculo.<\/span><span style=\"font-weight: 400;\">Teclado alfanum\u00e9rico con teclas met\u00e1licas resistentes a qu\u00edmicos en forma de domo, que al ser presionadas proporcionan una retroalimentaci\u00f3n t\u00e1ctil n\u00edtida y positiva. Su programabilidad permite asignarle al indicador tareas espec\u00edficas de pesaje de una manera r\u00e1pida y eficaz. <\/span><span style=\"font-weight: 400;\">Captura valores a la impresionante tasa de 80 veces por segundo para lograr r\u00e1pidos pesajes. Dise\u00f1ado con rutinas operacionales o aplicaciones que se pueden configurar en cualquier momento durante su instalaci\u00f3n; hechas a la medida para cualquier espec\u00edfica soluci\u00f3n. <\/span>\n<p><span style=\"font-weight: 400;\">Se surte en una variedad de gabinetes, adecuados para una variedad de ambientes, tales como aluminio protector, acero inoxidable certificado IP69k o acero inoxidable para montaje en panel.<\/span><\/p>\n<p><span style=\"font-weight: 400;\">Cuenta con multi-conectividad asegurando compatibilidad entre viejas y nuevas tecnolog\u00edas perif\u00e9ricas. Incluye un puerto Ethernet est\u00e1ndar soportando una r\u00e1pida y eficiente transferencia de datos tanto localmente como a trav\u00e9s del globo v\u00eda una red IP; incluye tres puertos seriales RS-232 para transmitir datos a equipos viejos. Dos puertos hu\u00e9sped USB que facilita la comunicaci\u00f3n con una impresora, as\u00ed como tambi\u00e9n ofrece la opci\u00f3n de un dispositivo de almacenaje USB para la transferencia de datos a una PC de oficina para su integraci\u00f3n y administraci\u00f3n. Opcionalmente cuenta tambi\u00e9n con salida an\u00e1loga, dispositivo USB, Lazo de Corriente, RS485\/RS422 y Ethernet Inal\u00e1mbrico para numerosas aplicaciones.<\/span><\/p>\n<p><span style=\"font-weight: 400;\">Su pantalla de alto contraste con tecnolog\u00eda IBN para lectura en interiores, de nueve segmentos, proporciona excelente visibilidad y contraste de color y amplios \u00e1ngulos de visi\u00f3n. Con tecnolog\u00eda TN para lectura en exteriores.<\/span><\/li>\n<\/ul>\n<p><a href=\"http:\/\/www.averyweigh-tronix.com\/products\/indicators\/ZM305\/\" target=\"_blank\" rel=\"noopener\">Documentaci\u00f3n<\/a><\/p>\n","protected":false},"featured_media":8468,"template":"","meta":[],"class_list":["post-4125","product","type-product","status-publish","has-post-thumbnail","hentry","product_cat-indicadores","product_cat-semiprogramables"],"_links":{"self":[{"href":"https:\/\/basculasint.com\/en\/wp-json\/wp\/v2\/product\/4125\/"}],"collection":[{"href":"https:\/\/basculasint.com\/en\/wp-json\/wp\/v2\/product\/"}],"about":[{"href":"https:\/\/basculasint.com\/en\/wp-json\/wp\/v2\/types\/product\/"}],"wp:featuredmedia":[{"embeddable":true,"href":"https:\/\/basculasint.com\/en\/wp-json\/wp\/v2\/media\/8468\/"}],"wp:attachment":[{"href":"https:\/\/basculasint.com\/en\/wp-json\/wp\/v2\/media\/?parent=4125"}],"curies":[{"name":"wp","href":"https:\/\/api.w.org\/{rel}","templated":true}]}}