{"id":4129,"date":"2016-02-06T13:36:19","date_gmt":"2016-02-06T19:36:19","guid":{"rendered":"http:\/\/localhost\/producto\/zm401indicador-de-peso-semi-programmableweigh-tronix\/"},"modified":"2021-08-05T18:31:50","modified_gmt":"2021-08-05T18:31:50","slug":"zm401indicador-de-peso-semi-programmableweigh-tronix","status":"publish","type":"product","link":"https:\/\/basculasint.com\/en\/producto\/zm401indicador-de-peso-semi-programmableweigh-tronix\/","title":{"rendered":"ZM401, Indicador de peso semi programmable, Weigh Tronix"},"content":{"rendered":"","protected":false},"excerpt":{"rendered":"<ul>\n<li>Adem\u00e1s de todas las funciones de la serie 300 este indicador cuenta con aplicaciones de software programables a las necesidades del usuario, y parte de su display cuenta con una secci\u00f3n gr\u00e1fica configurarles.<\/li>\n<li>Alta conectividad permite que este indicador cuente con todas las necesidades de pesaje requerido para aplicaciones industriales, puede controlar hasta dos b\u00e1sculas independientes una de tipo an\u00e1logo y la segunda digital de alta resoluci\u00f3n.<\/li>\n<\/ul>\n<p><a href=\"http:\/\/www.averyweigh-tronix.com\/products\/indicators\/ZM400\/\" target=\"_blank\" rel=\"noopener\">Documentaci\u00f3n<\/a><\/p>\n","protected":false},"featured_media":8470,"template":"","meta":[],"class_list":["post-4129","product","type-product","status-publish","has-post-thumbnail","hentry","product_cat-indicadores","product_cat-semiprogramables"],"_links":{"self":[{"href":"https:\/\/basculasint.com\/en\/wp-json\/wp\/v2\/product\/4129\/"}],"collection":[{"href":"https:\/\/basculasint.com\/en\/wp-json\/wp\/v2\/product\/"}],"about":[{"href":"https:\/\/basculasint.com\/en\/wp-json\/wp\/v2\/types\/product\/"}],"wp:featuredmedia":[{"embeddable":true,"href":"https:\/\/basculasint.com\/en\/wp-json\/wp\/v2\/media\/8470\/"}],"wp:attachment":[{"href":"https:\/\/basculasint.com\/en\/wp-json\/wp\/v2\/media\/?parent=4129"}],"curies":[{"name":"wp","href":"https:\/\/api.w.org\/{rel}","templated":true}]}}