{"id":4151,"date":"2016-02-06T14:07:43","date_gmt":"2016-02-06T20:07:43","guid":{"rendered":"http:\/\/localhost\/producto\/zq375basculas-sobra-faltaweigh-tronix\/"},"modified":"2021-08-05T18:35:20","modified_gmt":"2021-08-05T18:35:20","slug":"zq375-bascula-sobra-falta-weigh-tronix","status":"publish","type":"product","link":"https:\/\/basculasint.com\/en\/producto\/zq375-bascula-sobra-falta-weigh-tronix\/","title":{"rendered":"ZQ375 B\u00e1scula sobra falta Weigh Tronix"},"content":{"rendered":"","protected":false},"excerpt":{"rendered":"<p>Caracter\u00edsticas: calidad alimenticia, construcci\u00f3n total en acero inoxidable, el indicador ZQ375 sobra-falta es una soluci\u00f3n para la industria alimenticia y otras industrias.<br \/>\nVisualizaci\u00f3n de datos de pesaje y estad\u00edsticas a pesaje de sobra-falta r\u00e1pido y eficiente. El indicador sobra-falta ZQ375 puede ayudarte a optimizar el desempe\u00f1o y rentabilidad al mismo tiempo de cumplir con los requisitos estrictos de la industria.<\/p>\n<p><a href=\"http:\/\/www.averyweigh-tronix.com\/products\/industrial-weighing-scales\/Checkweighers\/checkweigher-zq375\/\" target=\"_blank\" rel=\"noopener\">Documentaci\u00f3n<\/a><\/p>\n","protected":false},"featured_media":8472,"template":"","meta":[],"class_list":["post-4151","product","type-product","status-publish","has-post-thumbnail","hentry","product_cat-indicadores","product_cat-sobra-falta-2"],"_links":{"self":[{"href":"https:\/\/basculasint.com\/en\/wp-json\/wp\/v2\/product\/4151\/"}],"collection":[{"href":"https:\/\/basculasint.com\/en\/wp-json\/wp\/v2\/product\/"}],"about":[{"href":"https:\/\/basculasint.com\/en\/wp-json\/wp\/v2\/types\/product\/"}],"wp:featuredmedia":[{"embeddable":true,"href":"https:\/\/basculasint.com\/en\/wp-json\/wp\/v2\/media\/8472\/"}],"wp:attachment":[{"href":"https:\/\/basculasint.com\/en\/wp-json\/wp\/v2\/media\/?parent=4151"}],"curies":[{"name":"wp","href":"https:\/\/api.w.org\/{rel}","templated":true}]}}