{"id":4156,"date":"2016-02-06T14:11:06","date_gmt":"2016-02-06T20:11:06","guid":{"rendered":"http:\/\/localhost\/producto\/prodecplataforma-pisoweigh-tronix\/"},"modified":"2021-08-26T17:51:49","modified_gmt":"2021-08-26T17:51:49","slug":"prodec-plataforma-pisoweigh-tronix","status":"publish","type":"product","link":"https:\/\/basculasint.com\/en\/producto\/prodec-plataforma-pisoweigh-tronix\/","title":{"rendered":"ProDec Plataforma piso Weigh Tronix"},"content":{"rendered":"","protected":false},"excerpt":{"rendered":"<p>disponible en acero dulce y hacer inoxidable, la plataforma es fuerte, exacta y accesible en costo. Funcional para casi cualquier aplicaci\u00f3n de pesaje industrial. la versi\u00f3n en acero inoxidable y est\u00e1 equipada con celdas de carga herm\u00e9ticamente selladas fabricadas en acero inoxidable. El sello particular en la Weigh Bar previene la entrada de aire, gas y humedad de infiltrarse a la \u00e1rea de las Galgas extensiom\u00e9tricas y cableado. Esta b\u00e1scula\/plataforma est\u00e1 dise\u00f1ada para resistir ambientes industriales rudos y seguir<br \/>\nproporcionando pesaje confiable. La placa de acero superior est\u00e1 soldada a una estructura de canales de acero inferiores, para evitar que la b\u00e1scula<\/p>\n<p><a href=\"http:\/\/www.averyweigh-tronix.com\/products\/industrial-weighing-scales\/floor-scales\/ProDec\/\" target=\"_blank\" rel=\"noopener\">Documentaci\u00f3n<\/a><\/p>\n","protected":false},"featured_media":8622,"template":"","meta":[],"class_list":["post-4156","product","type-product","status-publish","has-post-thumbnail","hentry","product_cat-piso","product_cat-plataforma"],"_links":{"self":[{"href":"https:\/\/basculasint.com\/en\/wp-json\/wp\/v2\/product\/4156\/"}],"collection":[{"href":"https:\/\/basculasint.com\/en\/wp-json\/wp\/v2\/product\/"}],"about":[{"href":"https:\/\/basculasint.com\/en\/wp-json\/wp\/v2\/types\/product\/"}],"wp:featuredmedia":[{"embeddable":true,"href":"https:\/\/basculasint.com\/en\/wp-json\/wp\/v2\/media\/8622\/"}],"wp:attachment":[{"href":"https:\/\/basculasint.com\/en\/wp-json\/wp\/v2\/media\/?parent=4156"}],"curies":[{"name":"wp","href":"https:\/\/api.w.org\/{rel}","templated":true}]}}