{"id":4160,"date":"2016-02-06T14:14:58","date_gmt":"2016-02-06T20:14:58","guid":{"rendered":"http:\/\/localhost\/producto\/flscbascula-para-montacargasweigh-tronix\/"},"modified":"2021-05-13T17:44:27","modified_gmt":"2021-05-13T17:44:27","slug":"flsc-bascula-para-montacargasweigh-tronix","status":"publish","type":"product","link":"https:\/\/basculasint.com\/en\/producto\/flsc-bascula-para-montacargasweigh-tronix\/","title":{"rendered":"FLSC B\u00e1scula para montacargas Weigh Tronix"},"content":{"rendered":"","protected":false},"excerpt":{"rendered":"<p>\u00c9ste modelo de b\u00e1scula para Montacarga puedes convertir cualquier Montacarga clase II en una b\u00e1scula m\u00f3vil\/port\u00e1til. Esta<br \/>\nb\u00e1scula digital avanzada cuenta con funciones como una opci\u00f3n de conexi\u00f3n inal\u00e1mbrica entre la b\u00e1scula y el indicador de peso, que la hace m\u00e1s<br \/>\nresistente y segura que otros dise\u00f1os en el mercado. Opcionalmente puedes escoger entre dos tipos de indicadores de peso, Modelo FLI 225 El cual<br \/>\nes un indicador b\u00e1sico con funciones de pesaje y ajuste de \u00e1ngulos de carga en 16 puntos para poder compensar cualquier posici\u00f3n en la que se<br \/>\nencuentre la carga sobre el m\u00e1stil del montacargas, cuenta con un puerto serial RS 332 y opcionalmente un convertidor serial a Wi-Fi, tambi\u00e9n est\u00e1<br \/>\ndisponible el modelo FLI 425 El cual adem\u00e1s de las funciones de su hermano menor cuenta con dos salidas seriales, cuatro puertos USB, un cuerpo<br \/>\n\u00e9ter net, capacidad para memoria externa flash USB y flash Wi-Fi. El sistema operativo de este indicador estaban s\u00e1bado en Windows CE.NET. Por<br \/>\n\u00faltimo cuenta con una pantalla de siete pulgadas a color Touch Screen, con resoluci\u00f3n de 800 \u00d7 480 px.<br \/>\n<a href=\"http:\/\/www.averyweigh-tronix.com\/products\/industrial-weighing-scales\/forklift-truck-scales\/flsc\/\" target=\"_blank\" rel=\"noopener\">Documentaci\u00f3n<\/a><\/p>\n","protected":false},"featured_media":8298,"template":"","meta":[],"class_list":["post-4160","product","type-product","status-publish","has-post-thumbnail","hentry","product_cat-bascula1","product_cat-montacargas"],"_links":{"self":[{"href":"https:\/\/basculasint.com\/en\/wp-json\/wp\/v2\/product\/4160\/"}],"collection":[{"href":"https:\/\/basculasint.com\/en\/wp-json\/wp\/v2\/product\/"}],"about":[{"href":"https:\/\/basculasint.com\/en\/wp-json\/wp\/v2\/types\/product\/"}],"wp:featuredmedia":[{"embeddable":true,"href":"https:\/\/basculasint.com\/en\/wp-json\/wp\/v2\/media\/8298\/"}],"wp:attachment":[{"href":"https:\/\/basculasint.com\/en\/wp-json\/wp\/v2\/media\/?parent=4160"}],"curies":[{"name":"wp","href":"https:\/\/api.w.org\/{rel}","templated":true}]}}