{"id":4166,"date":"2016-02-06T14:25:34","date_gmt":"2016-02-06T20:25:34","guid":{"rendered":"http:\/\/localhost\/producto\/qtltsbascula-para-montacargasweigh-tronixqqqq\/"},"modified":"2021-05-13T17:49:15","modified_gmt":"2021-05-13T17:49:15","slug":"qtlts-bascula-para-montacargasweigh-tronixqqqq","status":"publish","type":"product","link":"https:\/\/basculasint.com\/en\/producto\/qtlts-bascula-para-montacargasweigh-tronixqqqq\/","title":{"rendered":"QTLTS B\u00e1scula para montacargas Weigh Tronix"},"content":{"rendered":"","protected":false},"excerpt":{"rendered":"<p>\u00c9ste modelo de b\u00e1scula para Montacarga puedes convertir cualquier Montacarga clase II o III en una b\u00e1scula m\u00f3vil\/port\u00e1til Sin alterar la operaci\u00f3n<br \/>\nnormal del Montacarga. Esta b\u00e1scula an\u00e1loga o digital, que es extremadamente exacta permiti\u00e9ndole a la b\u00e1scula proporcionar un exactitud de peso\u00a0cercana al 99% de la carga aplicada al Montacarga sin importar la posici\u00f3n del m\u00e1stil. Opcionalmente puedes escoger entre dos tipos de indicadores<br \/>\nde peso, Modelo FLI 225 El cual es un indicador b\u00e1sico con funciones de pesaje y ajuste de \u00e1ngulos de carga en 16 puntos para poder compensar<br \/>\ncualquier posici\u00f3n en la que se encuentre la carga sobre el m\u00e1stil del montacargas, cuenta con un puerto serial RS 332 y opcionalmente un<br \/>\nconvertidor serial a Wi-Fi, tambi\u00e9n est\u00e1 disponible el modelo FLI 425 El cual adem\u00e1s de las funciones de su hermano menor cuenta con dos salidas<br \/>\nseriales, cuatro puertos USB, un cuerpo \u00e9ter net, capacidad para memoria externa flash USB y flash Wi-Fi. El sistema operativo de este indicador<br \/>\nestaban s\u00e1bado en Windows CE.NET. Por \u00faltimo cuenta con una pantalla de siete pulgadas a color Touch Screen, con resoluci\u00f3n de 800 \u00d7 480 px.<\/p>\n<div><a href=\"http:\/\/www.averyweigh-tronix.com\/products\/industrial-weighing-scales\/forklift-truck-scales\/qtlts\/\" target=\"_blank\" rel=\"noopener\">Documentaci\u00f3n<\/a><\/div>\n","protected":false},"featured_media":8300,"template":"","meta":[],"class_list":["post-4166","product","type-product","status-publish","has-post-thumbnail","hentry","product_cat-bascula1","product_cat-montacargas"],"_links":{"self":[{"href":"https:\/\/basculasint.com\/en\/wp-json\/wp\/v2\/product\/4166\/"}],"collection":[{"href":"https:\/\/basculasint.com\/en\/wp-json\/wp\/v2\/product\/"}],"about":[{"href":"https:\/\/basculasint.com\/en\/wp-json\/wp\/v2\/types\/product\/"}],"wp:featuredmedia":[{"embeddable":true,"href":"https:\/\/basculasint.com\/en\/wp-json\/wp\/v2\/media\/8300\/"}],"wp:attachment":[{"href":"https:\/\/basculasint.com\/en\/wp-json\/wp\/v2\/media\/?parent=4166"}],"curies":[{"name":"wp","href":"https:\/\/api.w.org\/{rel}","templated":true}]}}