{"id":4168,"date":"2016-02-06T14:29:35","date_gmt":"2016-02-06T20:29:35","guid":{"rendered":"http:\/\/localhost\/producto\/qtltsc-clase-iiibascula-para-montacargasweigh-tronix\/"},"modified":"2021-05-13T17:55:45","modified_gmt":"2021-05-13T17:55:45","slug":"qtltsc-clase-iiibascula-para-montacargasweigh-tronix","status":"publish","type":"product","link":"https:\/\/basculasint.com\/en\/producto\/qtltsc-clase-iiibascula-para-montacargasweigh-tronix\/","title":{"rendered":"QTLTSC Clase III B\u00e1scula para montacargas Weigh Tronix"},"content":{"rendered":"","protected":false},"excerpt":{"rendered":"<p>Una b\u00e1scula para montacargas clase III sumamente robusta para uso d\u00f3nde pesaje rudo y pesaje legal para comercio<br \/>\nes requerido haciendo esta b\u00e1scula muy \u00fatil en aplicaciones donde la venta de producto por eso es necesario.<br \/>\nOpcionalmente puedes escoger entre dos tipos de indicadores de peso, Modelo FLI 225 El cual es un indicador b\u00e1sico con funciones de pesaje y<br \/>\najuste de \u00e1ngulos de carga en 16 puntos para poder compensar cualquier posici\u00f3n en la que se encuentre la carga sobre el m\u00e1stil del montacargas,<br \/>\ncuenta con un puerto serial RS 332 y opcionalmente un convertidor serial a Wi-Fi, tambi\u00e9n est\u00e1 disponible el modelo FLI 425 El cual adem\u00e1s de las<br \/>\nfunciones de su hermano menor cuenta con dos salidas seriales, cuatro puertos USB, un cuerpo \u00e9ter net, capacidad para memoria externa flash<br \/>\nUSB y flash Wi-Fi. El sistema operativo de este indicador estaban s\u00e1bado en Windows CE.NET. Por \u00faltimo cuenta con una pantalla de siete<br \/>\npulgadas a color Touch Screen, con resoluci\u00f3n de 800 \u00d7 480 px.<\/p>\n<div><a href=\"http:\/\/www.averyweigh-tronix.com\/products\/industrial-weighing-scales\/forklift-truck-scales\/QTLTSC-III1\/\" target=\"_blank\" rel=\"noopener\">Documentaci\u00f3n<\/a><\/div>\n","protected":false},"featured_media":8302,"template":"","meta":[],"class_list":["post-4168","product","type-product","status-publish","has-post-thumbnail","hentry","product_cat-bascula1","product_cat-montacargas"],"_links":{"self":[{"href":"https:\/\/basculasint.com\/en\/wp-json\/wp\/v2\/product\/4168\/"}],"collection":[{"href":"https:\/\/basculasint.com\/en\/wp-json\/wp\/v2\/product\/"}],"about":[{"href":"https:\/\/basculasint.com\/en\/wp-json\/wp\/v2\/types\/product\/"}],"wp:featuredmedia":[{"embeddable":true,"href":"https:\/\/basculasint.com\/en\/wp-json\/wp\/v2\/media\/8302\/"}],"wp:attachment":[{"href":"https:\/\/basculasint.com\/en\/wp-json\/wp\/v2\/media\/?parent=4168"}],"curies":[{"name":"wp","href":"https:\/\/api.w.org\/{rel}","templated":true}]}}