{"id":4173,"date":"2016-02-06T14:35:12","date_gmt":"2016-02-06T20:35:12","guid":{"rendered":"http:\/\/localhost\/producto\/pc-820bascula-contadoraweigh-tronix\/"},"modified":"2016-02-06T14:35:12","modified_gmt":"2016-02-06T20:35:12","slug":"pc-820bascula-contadoraweigh-tronix","status":"publish","type":"product","link":"https:\/\/basculasint.com\/en\/producto\/pc-820bascula-contadoraweigh-tronix\/","title":{"rendered":"PC-820 B\u00e1scula Contadora Weigh Tronix"},"content":{"rendered":"","protected":false},"excerpt":{"rendered":"<p>La b\u00e1scula contadora PC 820 es una b\u00e1scula contadora de partes de alta exactitud con sensor de cuarzo digital, que tambi\u00e9n cuenta con otras funcionalidades avanzadas para el control de inventarios, incluyendo una memoria de base de datos para guardar hasta 1000 n\u00fameros de parte con sus descripciones y pesos individuales, puede interfazar con ordenadores, impresoras, lectores de c\u00f3digo de barras y bases remotas.<\/p>\n<p><a href=\"http:\/\/www.averyweigh-tronix.com\/products\/industrial-weighing-scales\/counting-scales\/pc820-counting-scale\/\" target=\"_blank\" rel=\"noopener\">Documentaci\u00f3n<\/a><\/p>\n<p>&nbsp;<\/p>\n","protected":false},"featured_media":5286,"template":"","meta":[],"class_list":["post-4173","product","type-product","status-publish","has-post-thumbnail","hentry","product_cat-descontinuado"],"_links":{"self":[{"href":"https:\/\/basculasint.com\/en\/wp-json\/wp\/v2\/product\/4173\/"}],"collection":[{"href":"https:\/\/basculasint.com\/en\/wp-json\/wp\/v2\/product\/"}],"about":[{"href":"https:\/\/basculasint.com\/en\/wp-json\/wp\/v2\/types\/product\/"}],"wp:featuredmedia":[{"embeddable":true,"href":"https:\/\/basculasint.com\/en\/wp-json\/"}],"wp:attachment":[{"href":"https:\/\/basculasint.com\/en\/wp-json\/wp\/v2\/media\/?parent=4173"}],"curies":[{"name":"wp","href":"https:\/\/api.w.org\/{rel}","templated":true}]}}