{"id":4331,"date":"2016-02-11T17:25:01","date_gmt":"2016-02-11T23:25:01","guid":{"rendered":"http:\/\/localhost\/producto\/triple-vara-mb2610bascula-mecanica-precisionbrecknell\/"},"modified":"2021-05-10T19:28:50","modified_gmt":"2021-05-10T19:28:50","slug":"triple-vara-mb2610bascula-mecanica-precisionbrecknell","status":"publish","type":"product","link":"https:\/\/basculasint.com\/en\/producto\/triple-vara-mb2610bascula-mecanica-precisionbrecknell\/","title":{"rendered":"Triple vara MB2610 B\u00e1scula mec\u00e1nica precisi\u00f3n Brecknell"},"content":{"rendered":"","protected":false},"excerpt":{"rendered":"<ul>\n<li class=\"gmail_default\">Una balanza \u00fatil para experimentos de f\u00edsica y qu\u00edmica, pesaje anal\u00edtico en trabajos qu\u00edmicos, pesaje m\u00e9dico higi\u00e9nico, pesaje en laboratorios de alimentos, aplicaciones en agricultura, textiles, electr\u00f3nicos, miner\u00eda, instituciones de investigaci\u00f3n cient\u00edfica, laboratorios de ciencias en preparatorias y universidades, y mucho m\u00e1s. Capacidad de 2610 g x 0.1g.<\/li>\n<li class=\"gmail_default\">Esta balanza est\u00e1 fabricada en una aleaci\u00f3n de aluminio de alta calidad con construcci\u00f3n duradera, haci\u00e9ndola un producto de alta calidad.<\/li>\n<\/ul>\n<div class=\"gmail_default\"><\/div>\n<p><a href=\"http:\/\/www.brecknellscales.com\/index.php?option=com_virtuemart&amp;page=shop.product_details&amp;flypage=shop.flypage&amp;category_id=40&amp;product_id=348&amp;Itemid=1\" target=\"_blank\" rel=\"noopener\">Documentaci\u00f3n<\/a><\/p>\n","protected":false},"featured_media":8242,"template":"","meta":[],"class_list":["post-4331","product","type-product","status-publish","has-post-thumbnail","hentry","product_cat-balanza","product_cat-bascula1","product_cat-mecanica","product_cat-presion"],"_links":{"self":[{"href":"https:\/\/basculasint.com\/en\/wp-json\/wp\/v2\/product\/4331\/"}],"collection":[{"href":"https:\/\/basculasint.com\/en\/wp-json\/wp\/v2\/product\/"}],"about":[{"href":"https:\/\/basculasint.com\/en\/wp-json\/wp\/v2\/types\/product\/"}],"wp:featuredmedia":[{"embeddable":true,"href":"https:\/\/basculasint.com\/en\/wp-json\/wp\/v2\/media\/8242\/"}],"wp:attachment":[{"href":"https:\/\/basculasint.com\/en\/wp-json\/wp\/v2\/media\/?parent=4331"}],"curies":[{"name":"wp","href":"https:\/\/api.w.org\/{rel}","templated":true}]}}