{"id":4333,"date":"2016-02-11T17:30:43","date_gmt":"2016-02-11T23:30:43","guid":{"rendered":"http:\/\/localhost\/producto\/s100bascula-de-pisobrecknell\/"},"modified":"2021-06-14T17:05:38","modified_gmt":"2021-06-14T17:05:38","slug":"s100-bascula-de-pisobrecknell","status":"publish","type":"product","link":"https:\/\/basculasint.com\/en\/producto\/s100-bascula-de-pisobrecknell\/","title":{"rendered":"S100 B\u00e1scula de piso Brecknell"},"content":{"rendered":"","protected":false},"excerpt":{"rendered":"<p>b\u00e1scula de piso construida con un plato superior y columna en acero inoxidable, estructura inferior en acero dulce e indicador en pl\u00e1stico ABS. Cuenta con una exactitud de 0.01% de la capacidad total de la b\u00e1scula.<br \/>\nCuenta con un display grande y f\u00e1cil de leer con d\u00edgitos color rojo LED. Como fuente de poder cuenta con una bater\u00eda recargable y un adaptador de corriente alterna. Puerto serial RS 232 est\u00e1ndar.<\/p>\n<p><a href=\"http:\/\/www.brecknellscales.com\/index.php?option=com_virtuemart&amp;page=shop.product_details&amp;flypage=shop.flypage&amp;category_id=2&amp;product_id=1396&amp;Itemid=1\" target=\"_blank\" rel=\"noopener\">Documentaci\u00f3n<\/a><\/p>\n","protected":false},"featured_media":8350,"template":"","meta":[],"class_list":["post-4333","product","type-product","status-publish","has-post-thumbnail","hentry","product_cat-bascula1","product_cat-presion-bascula"],"_links":{"self":[{"href":"https:\/\/basculasint.com\/en\/wp-json\/wp\/v2\/product\/4333\/"}],"collection":[{"href":"https:\/\/basculasint.com\/en\/wp-json\/wp\/v2\/product\/"}],"about":[{"href":"https:\/\/basculasint.com\/en\/wp-json\/wp\/v2\/types\/product\/"}],"wp:featuredmedia":[{"embeddable":true,"href":"https:\/\/basculasint.com\/en\/wp-json\/wp\/v2\/media\/8350\/"}],"wp:attachment":[{"href":"https:\/\/basculasint.com\/en\/wp-json\/wp\/v2\/media\/?parent=4333"}],"curies":[{"name":"wp","href":"https:\/\/api.w.org\/{rel}","templated":true}]}}