{"id":4337,"date":"2016-02-11T17:37:24","date_gmt":"2016-02-11T23:37:24","guid":{"rendered":"http:\/\/localhost\/producto\/electrosamsonbascula-colgantebrecknell\/"},"modified":"2021-05-11T17:19:33","modified_gmt":"2021-05-11T17:19:33","slug":"electrosamson-bascula-colgante-brecknell","status":"publish","type":"product","link":"https:\/\/basculasint.com\/en\/producto\/electrosamson-bascula-colgante-brecknell\/","title":{"rendered":"Electrosamson B\u00e1scula colgante Brecknell"},"content":{"rendered":"","protected":false},"excerpt":{"rendered":"<p>Funciones de pesaje en kilos, libras y onzas. Funci\u00f3n de hold en pantalla, estuche para transporte, funci\u00f3n de auto apagado para extender la vida de las bater\u00edas. Display LCD, barra superior y gancho inferior.<\/p>\n<p><a href=\"http:\/\/www.brecknellscales.com\/index.php?option=com_virtuemart&amp;page=shop.product_details&amp;flypage=shop.flypage&amp;category_id=39&amp;product_id=1473&amp;Itemid=1\" target=\"_blank\" rel=\"noopener\">Documentaci\u00f3n<\/a><\/p>\n","protected":false},"featured_media":8258,"template":"","meta":[],"class_list":["post-4337","product","type-product","status-publish","has-post-thumbnail","hentry","product_cat-bascula1","product_cat-colgante"],"_links":{"self":[{"href":"https:\/\/basculasint.com\/en\/wp-json\/wp\/v2\/product\/4337\/"}],"collection":[{"href":"https:\/\/basculasint.com\/en\/wp-json\/wp\/v2\/product\/"}],"about":[{"href":"https:\/\/basculasint.com\/en\/wp-json\/wp\/v2\/types\/product\/"}],"wp:featuredmedia":[{"embeddable":true,"href":"https:\/\/basculasint.com\/en\/wp-json\/wp\/v2\/media\/8258\/"}],"wp:attachment":[{"href":"https:\/\/basculasint.com\/en\/wp-json\/wp\/v2\/media\/?parent=4337"}],"curies":[{"name":"wp","href":"https:\/\/api.w.org\/{rel}","templated":true}]}}