{"id":4340,"date":"2016-02-11T17:39:45","date_gmt":"2016-02-11T23:39:45","guid":{"rendered":"http:\/\/localhost\/producto\/pegaso-dcsb-plataforma-de-pisobrecknell\/"},"modified":"2021-08-26T17:47:53","modified_gmt":"2021-08-26T17:47:53","slug":"pegaso-dcsb-plataforma-de-pisobrecknell","status":"publish","type":"product","link":"https:\/\/basculasint.com\/en\/producto\/pegaso-dcsb-plataforma-de-pisobrecknell\/","title":{"rendered":"Pegaso DCSB  Plataforma de piso Brecknell"},"content":{"rendered":"","protected":false},"excerpt":{"rendered":"<p>Legal para el comercio, todos los tama\u00f1os tienen certificaci\u00f3n NTEP a 5000 divisi\u00f3nes.<br \/>\nConstrucci\u00f3n ruda, placa de acero de 6 mm de grosor con canales soldados para pesaje industrial rudo. Dise\u00f1o en bajo perfil con 91 cm de ancho por 44 mm de alto incluyendo patas niveladoras. Es un modelo vers\u00e1til que permite su colocaci\u00f3n sobre el piso o en una fosa.<\/p>\n<p><a href=\"http:\/\/www.brecknellscales.com\/index.php?page=shop.product_details&amp;flypage=shop.flypage&amp;product_id=395&amp;category_id=43&amp;manufacturer_id=0&amp;option=com_virtuemart&amp;Itemid=1\" target=\"_blank\" rel=\"noopener\">Documentaci\u00f3n<\/a><\/p>\n","protected":false},"featured_media":8616,"template":"","meta":[],"class_list":["post-4340","product","type-product","status-publish","has-post-thumbnail","hentry","product_cat-piso","product_cat-plataforma"],"_links":{"self":[{"href":"https:\/\/basculasint.com\/en\/wp-json\/wp\/v2\/product\/4340\/"}],"collection":[{"href":"https:\/\/basculasint.com\/en\/wp-json\/wp\/v2\/product\/"}],"about":[{"href":"https:\/\/basculasint.com\/en\/wp-json\/wp\/v2\/types\/product\/"}],"wp:featuredmedia":[{"embeddable":true,"href":"https:\/\/basculasint.com\/en\/wp-json\/wp\/v2\/media\/8616\/"}],"wp:attachment":[{"href":"https:\/\/basculasint.com\/en\/wp-json\/wp\/v2\/media\/?parent=4340"}],"curies":[{"name":"wp","href":"https:\/\/api.w.org\/{rel}","templated":true}]}}