{"id":4342,"date":"2016-02-11T17:41:57","date_gmt":"2016-02-11T23:41:57","guid":{"rendered":"http:\/\/localhost\/producto\/cs-1000-y-2000bascula-colgante-brecknell\/"},"modified":"2021-05-11T17:17:44","modified_gmt":"2021-05-11T17:17:44","slug":"cs-1000-y-2000bascula-colgante-brecknell","status":"publish","type":"product","link":"https:\/\/basculasint.com\/en\/producto\/cs-1000-y-2000bascula-colgante-brecknell\/","title":{"rendered":"CS 1000 y 2000 B\u00e1scula colgante Brecknell"},"content":{"rendered":"","protected":false},"excerpt":{"rendered":"<p>Cuenta con bater\u00eda recargable que permite 20 horas de uso entre cargas, display brillante LED, construcci\u00f3n resistente, control remoto, unidades en kilos o libras, funci\u00f3n acumuladora para calcular peso total, fabricado en carcasa de aluminio y con sensor gancho y argolla en acero.<\/p>\n<p><a href=\"http:\/\/www.brecknellscales.com\/index.php?page=shop.product_details&amp;flypage=shop.flypage&amp;product_id=1372&amp;category_id=42&amp;manufacturer_id=0&amp;option=com_virtuemart&amp;Itemid=1\" target=\"_blank\" rel=\"noopener\">Documentaci\u00f3n<\/a><\/p>\n","protected":false},"featured_media":8256,"template":"","meta":[],"class_list":["post-4342","product","type-product","status-publish","has-post-thumbnail","hentry","product_cat-bascula1","product_cat-colgante"],"_links":{"self":[{"href":"https:\/\/basculasint.com\/en\/wp-json\/wp\/v2\/product\/4342\/"}],"collection":[{"href":"https:\/\/basculasint.com\/en\/wp-json\/wp\/v2\/product\/"}],"about":[{"href":"https:\/\/basculasint.com\/en\/wp-json\/wp\/v2\/types\/product\/"}],"wp:featuredmedia":[{"embeddable":true,"href":"https:\/\/basculasint.com\/en\/wp-json\/wp\/v2\/media\/8256\/"}],"wp:attachment":[{"href":"https:\/\/basculasint.com\/en\/wp-json\/wp\/v2\/media\/?parent=4342"}],"curies":[{"name":"wp","href":"https:\/\/api.w.org\/{rel}","templated":true}]}}