{"id":4346,"date":"2016-02-11T17:47:02","date_gmt":"2016-02-11T17:47:02","guid":{"rendered":"http:\/\/localhost\/producto\/fc-kibascula-contadoraand\/"},"modified":"2021-05-11T17:56:46","modified_gmt":"2021-05-11T17:56:46","slug":"fc-kibascula-contadoraand","status":"publish","type":"product","link":"https:\/\/basculasint.com\/en\/producto\/fc-kibascula-contadoraand\/","title":{"rendered":"FC ki B\u00e1scula Contadora AND"},"content":{"rendered":"","protected":false},"excerpt":{"rendered":"<ul>\n<li>Resoluci\u00f3n interna de una parte en 5 millones, memoria alfanum\u00e9rica de 500 n\u00fameros de parte, construcci\u00f3n en aluminio con display a prueba de salpicaduras.<\/li>\n<li><span style=\"line-height: 1.5;\">Puerto serial RS 232 con opcionalmente segundo y tercer puerto.<\/span><\/li>\n<li><span style=\"line-height: 1.5;\"> Bater\u00eda recargable opcional y funci\u00f3n de base remota opcional.<\/span><\/li>\n<li><a href=\"http:\/\/www.andweighing.com\/specialty\/industrial-processing\/counting-scales\/fc-i-si-series-counting-scales\" target=\"_blank\" rel=\"noopener\">Documentaci\u00f3n<\/a><\/li>\n<\/ul>\n","protected":false},"featured_media":8268,"template":"","meta":[],"class_list":["post-4346","product","type-product","status-publish","has-post-thumbnail","hentry","product_cat-bascula1","product_cat-contadora"],"_links":{"self":[{"href":"https:\/\/basculasint.com\/en\/wp-json\/wp\/v2\/product\/4346\/"}],"collection":[{"href":"https:\/\/basculasint.com\/en\/wp-json\/wp\/v2\/product\/"}],"about":[{"href":"https:\/\/basculasint.com\/en\/wp-json\/wp\/v2\/types\/product\/"}],"wp:featuredmedia":[{"embeddable":true,"href":"https:\/\/basculasint.com\/en\/wp-json\/wp\/v2\/media\/8268\/"}],"wp:attachment":[{"href":"https:\/\/basculasint.com\/en\/wp-json\/wp\/v2\/media\/?parent=4346"}],"curies":[{"name":"wp","href":"https:\/\/api.w.org\/{rel}","templated":true}]}}