{"id":4357,"date":"2016-02-11T17:58:22","date_gmt":"2016-02-11T23:58:22","guid":{"rendered":"http:\/\/localhost\/producto\/ej-newtonbalanza-pesadoraand\/"},"modified":"2021-05-10T19:14:54","modified_gmt":"2021-05-10T19:14:54","slug":"ej-newtonbalanza-pesadoraand","status":"publish","type":"product","link":"https:\/\/basculasint.com\/en\/producto\/ej-newtonbalanza-pesadoraand\/","title":{"rendered":"EJ Newton Balanza pesadora AND"},"content":{"rendered":"","protected":false},"excerpt":{"rendered":"<ul>\n<li>Lectura de 1 mg, fuente de poder con corriente alterna y bater\u00edas, funci\u00f3n de gancho inferior, interfaz RS232 y USB, kit de determinaci\u00f3n de densidad opcional para medir gravedad espec\u00edfica.<\/li>\n<li><a href=\"http:\/\/www.andweighing.com\/balances\/compact-balances\/newton-compact-balance-series\" target=\"_blank\" rel=\"noopener\">Documentaci\u00f3n<\/a><\/li>\n<\/ul>\n","protected":false},"featured_media":8232,"template":"","meta":[],"class_list":["post-4357","product","type-product","status-publish","has-post-thumbnail","hentry","product_cat-balanza","product_cat-pesadora"],"_links":{"self":[{"href":"https:\/\/basculasint.com\/en\/wp-json\/wp\/v2\/product\/4357\/"}],"collection":[{"href":"https:\/\/basculasint.com\/en\/wp-json\/wp\/v2\/product\/"}],"about":[{"href":"https:\/\/basculasint.com\/en\/wp-json\/wp\/v2\/types\/product\/"}],"wp:featuredmedia":[{"embeddable":true,"href":"https:\/\/basculasint.com\/en\/wp-json\/wp\/v2\/media\/8232\/"}],"wp:attachment":[{"href":"https:\/\/basculasint.com\/en\/wp-json\/wp\/v2\/media\/?parent=4357"}],"curies":[{"name":"wp","href":"https:\/\/api.w.org\/{rel}","templated":true}]}}