{"id":4364,"date":"2016-02-11T18:01:41","date_gmt":"2016-02-12T00:01:41","guid":{"rendered":"http:\/\/localhost\/producto\/fx-ibalanza-pesadoraand\/"},"modified":"2021-05-10T19:17:25","modified_gmt":"2021-05-10T19:17:25","slug":"fx-ibalanza-pesadoraand","status":"publish","type":"product","link":"https:\/\/basculasint.com\/en\/producto\/fx-ibalanza-pesadoraand\/","title":{"rendered":"FX-i\tBalanza pesadora AND"},"content":{"rendered":"","protected":false},"excerpt":{"rendered":"<ul>\n<li>Balanza de precisi\u00f3n con capacidades que van desde los 122 g hasta los 5200 g.<\/li>\n<li>Puerto RS232, opci\u00f3n USB.<\/li>\n<li>Funci\u00f3n de c\u00e1lculo estad\u00edstico.<\/li>\n<li>Funci\u00f3n comparadora y calibraci\u00f3n externa.<\/li>\n<li>8 distintas unidades de pesaje.<\/li>\n<li><a href=\"http:\/\/www.andweighing.com\/balances\/precision-balances\/fx-i-precision-balance-series\" target=\"_blank\" rel=\"noopener\">Documentaci\u00f3n<\/a><\/li>\n<\/ul>\n","protected":false},"featured_media":8234,"template":"","meta":[],"class_list":["post-4364","product","type-product","status-publish","has-post-thumbnail","hentry","product_cat-balanza","product_cat-pesadora"],"_links":{"self":[{"href":"https:\/\/basculasint.com\/en\/wp-json\/wp\/v2\/product\/4364\/"}],"collection":[{"href":"https:\/\/basculasint.com\/en\/wp-json\/wp\/v2\/product\/"}],"about":[{"href":"https:\/\/basculasint.com\/en\/wp-json\/wp\/v2\/types\/product\/"}],"wp:featuredmedia":[{"embeddable":true,"href":"https:\/\/basculasint.com\/en\/wp-json\/wp\/v2\/media\/8234\/"}],"wp:attachment":[{"href":"https:\/\/basculasint.com\/en\/wp-json\/wp\/v2\/media\/?parent=4364"}],"curies":[{"name":"wp","href":"https:\/\/api.w.org\/{rel}","templated":true}]}}