{"id":4369,"date":"2016-02-11T18:04:15","date_gmt":"2016-02-12T00:04:15","guid":{"rendered":"http:\/\/localhost\/producto\/fz-ibalanza-pesadoraand\/"},"modified":"2021-05-10T19:21:57","modified_gmt":"2021-05-10T19:21:57","slug":"fz-ibalanza-pesadoraand","status":"publish","type":"product","link":"https:\/\/basculasint.com\/en\/producto\/fz-ibalanza-pesadoraand\/","title":{"rendered":"FZ-i\tBalanza pesadora AND"},"content":{"rendered":"","protected":false},"excerpt":{"rendered":"<ul>\n<li>Adem\u00e1s de las funciones de la serie FXi, la serie FZi agrega la funci\u00f3n de calibraci\u00f3n interna.<\/li>\n<li>Puerto serial RS 232 est\u00e1ndar, puerto USB opcional, funci\u00f3n de c\u00e1lculo estad\u00edstico y de comparaci\u00f3n.<\/li>\n<li>Capacidades que van desde 122g hasta 5200g.<\/li>\n<li><a href=\"http:\/\/www.andweighing.com\/balances\/precision-balances\/fz-i-precision-balance-series-with-internal-calibration\" target=\"_blank\" rel=\"noopener\">Documentaci\u00f3n<\/a><\/li>\n<\/ul>\n","protected":false},"featured_media":8238,"template":"","meta":[],"class_list":["post-4369","product","type-product","status-publish","has-post-thumbnail","hentry","product_cat-balanza","product_cat-pesadora"],"_links":{"self":[{"href":"https:\/\/basculasint.com\/en\/wp-json\/wp\/v2\/product\/4369\/"}],"collection":[{"href":"https:\/\/basculasint.com\/en\/wp-json\/wp\/v2\/product\/"}],"about":[{"href":"https:\/\/basculasint.com\/en\/wp-json\/wp\/v2\/types\/product\/"}],"wp:featuredmedia":[{"embeddable":true,"href":"https:\/\/basculasint.com\/en\/wp-json\/wp\/v2\/media\/8238\/"}],"wp:attachment":[{"href":"https:\/\/basculasint.com\/en\/wp-json\/wp\/v2\/media\/?parent=4369"}],"curies":[{"name":"wp","href":"https:\/\/api.w.org\/{rel}","templated":true}]}}