{"id":4374,"date":"2016-02-11T18:10:54","date_gmt":"2016-02-12T00:10:54","guid":{"rendered":"http:\/\/localhost\/producto\/sk-wpbalanza-en-acero-inoxidableand\/"},"modified":"2021-05-07T17:00:58","modified_gmt":"2021-05-07T17:00:58","slug":"sk-wp-balanza-en-acero-inoxidable-and","status":"publish","type":"product","link":"https:\/\/basculasint.com\/en\/producto\/sk-wp-balanza-en-acero-inoxidable-and\/","title":{"rendered":"SK-WP Balanza en acero inoxidable AND"},"content":{"rendered":"","protected":false},"excerpt":{"rendered":"<ul>\n<li class=\"Cuerpo\"><span lang=\"ES-TRAD\">Esta serie de balanzas compactas lavables a presi\u00f3n son ideales para la preparaci\u00f3n de alimentos y aplicaciones donde el servicio de alimentos es utilizado. <\/span><\/li>\n<li class=\"Cuerpo\"><span lang=\"ES-TRAD\">Cuentan con una certificaci\u00f3n IPC 65, completamente construida en acero inoxidable, cuentan con un plato removible en acero inoxidable, y son completamente lavables para facilitar su limpieza. <\/span><\/li>\n<li class=\"Cuerpo\"><span lang=\"ES-TRAD\">Con el uso de seis bater\u00edas tipo D proveen 1200 horas de uso. Cuentan con las opciones de unidades en gramos, onzas y libras.<\/span><\/li>\n<li class=\"Cuerpo\">Cuentan con un sensor con funci\u00f3n de compensaci\u00f3n de temperatura, para poderse utilizar cerca de Hornos o en \u00e1reas refrigeradas.<\/li>\n<\/ul>\n<ul>\n<li><a href=\"http:\/\/www.andweighing.com\/scales\/compact-bench-scales-wet-applications\/sk-wp-series-scales\" target=\"_blank\" rel=\"noopener\">Documentaci\u00f3n<\/a><\/li>\n<\/ul>\n<p>&nbsp;<\/p>\n","protected":false},"featured_media":8214,"template":"","meta":[],"class_list":["post-4374","product","type-product","status-publish","has-post-thumbnail","hentry","product_cat-acero-balanza","product_cat-balanza"],"_links":{"self":[{"href":"https:\/\/basculasint.com\/en\/wp-json\/wp\/v2\/product\/4374\/"}],"collection":[{"href":"https:\/\/basculasint.com\/en\/wp-json\/wp\/v2\/product\/"}],"about":[{"href":"https:\/\/basculasint.com\/en\/wp-json\/wp\/v2\/types\/product\/"}],"wp:featuredmedia":[{"embeddable":true,"href":"https:\/\/basculasint.com\/en\/wp-json\/wp\/v2\/media\/8214\/"}],"wp:attachment":[{"href":"https:\/\/basculasint.com\/en\/wp-json\/wp\/v2\/media\/?parent=4374"}],"curies":[{"name":"wp","href":"https:\/\/api.w.org\/{rel}","templated":true}]}}