{"id":4387,"date":"2016-02-11T18:26:56","date_gmt":"2016-02-12T00:26:56","guid":{"rendered":"http:\/\/localhost\/producto\/l-eqbascula-porcionadoratorrey\/"},"modified":"2021-06-14T17:12:16","modified_gmt":"2021-06-14T17:12:16","slug":"l-eq-bascula-porcionadora-torrey","status":"publish","type":"product","link":"https:\/\/basculasint.com\/en\/producto\/l-eq-bascula-porcionadora-torrey\/","title":{"rendered":"L-EQ B\u00e1scula Porcionadora Torrey"},"content":{"rendered":"","protected":false},"excerpt":{"rendered":"<p><strong>Durable y resistente<\/strong><br \/>\nSoporta el rudo uso diario de una cocina industrial, una empacadora o un comercio y seguir\u00e1 siendo tan precisa como el d\u00eda en que la adquiri\u00f3.<\/p>\n<p>Velocidad y exactitud<br \/>\nFunciones de pesaje en kg \/ lb \/ oz, alarma de peso programable y pantalla iluminada<\/p>\n<p><strong>F\u00e1cil limpieza<\/strong><br \/>\nFabricada en Acero Inoxidable grado alimenticio, la hace higi\u00e9nica y f\u00e1cil de limpiar.<\/p>\n<p><a href=\"http:\/\/www.torrey.com.mx\/latinoamerica\/p_b_05_procionadoras.html\" target=\"_blank\" rel=\"noopener\">Documentaci\u00f3n<\/a><\/p>\n<p>&nbsp;<\/p>\n","protected":false},"featured_media":8355,"template":"","meta":[],"class_list":["post-4387","product","type-product","status-publish","has-post-thumbnail","hentry","product_cat-bascula1","product_cat-porcionadora"],"_links":{"self":[{"href":"https:\/\/basculasint.com\/en\/wp-json\/wp\/v2\/product\/4387\/"}],"collection":[{"href":"https:\/\/basculasint.com\/en\/wp-json\/wp\/v2\/product\/"}],"about":[{"href":"https:\/\/basculasint.com\/en\/wp-json\/wp\/v2\/types\/product\/"}],"wp:featuredmedia":[{"embeddable":true,"href":"https:\/\/basculasint.com\/en\/wp-json\/wp\/v2\/media\/8355\/"}],"wp:attachment":[{"href":"https:\/\/basculasint.com\/en\/wp-json\/wp\/v2\/media\/?parent=4387"}],"curies":[{"name":"wp","href":"https:\/\/api.w.org\/{rel}","templated":true}]}}