{"id":4389,"date":"2016-02-11T18:32:10","date_gmt":"2016-02-11T18:32:10","guid":{"rendered":"http:\/\/localhost\/producto\/qccontadoratorrey\/"},"modified":"2021-05-11T19:18:59","modified_gmt":"2021-05-11T19:18:59","slug":"qc-contadora-torrey","status":"publish","type":"product","link":"https:\/\/basculasint.com\/en\/producto\/qc-contadora-torrey\/","title":{"rendered":"QC Contadora Torrey"},"content":{"rendered":"","protected":false},"excerpt":{"rendered":"<p>&nbsp;<\/p>\n<p><strong>Los modelos QC son capaces de darnos el n\u00famero de piezas de producto sobre la b\u00e1scula adem\u00e1s del peso total.<\/strong><\/p>\n<p><strong>Crece con tu negocio<\/strong><br \/>\nPuede incrementar su capacidad de conteo hasta 1,000 kg, s\u00f3lo conecte su modelo QC con una b\u00e1scula de recibo TORREY.<br \/>\n<strong><br \/>\nAhorro en tiempo<\/strong><br \/>\nEl ahorro de tiempo en labores de inventario es significativo, reducir\u00e1 significativamente la cantidad de personal destinada a esta labor.<\/p>\n<p><a href=\"http:\/\/www.torrey.com.mx\/latinoamerica\/p_b_08_contadoras.html\" target=\"_blank\" rel=\"noopener\">Documentaci\u00f3n<\/a><\/p>\n","protected":false},"featured_media":8275,"template":"","meta":[],"class_list":["post-4389","product","type-product","status-publish","has-post-thumbnail","hentry","product_cat-bascula1","product_cat-contadora"],"_links":{"self":[{"href":"https:\/\/basculasint.com\/en\/wp-json\/wp\/v2\/product\/4389\/"}],"collection":[{"href":"https:\/\/basculasint.com\/en\/wp-json\/wp\/v2\/product\/"}],"about":[{"href":"https:\/\/basculasint.com\/en\/wp-json\/wp\/v2\/types\/product\/"}],"wp:featuredmedia":[{"embeddable":true,"href":"https:\/\/basculasint.com\/en\/wp-json\/wp\/v2\/media\/8275\/"}],"wp:attachment":[{"href":"https:\/\/basculasint.com\/en\/wp-json\/wp\/v2\/media\/?parent=4389"}],"curies":[{"name":"wp","href":"https:\/\/api.w.org\/{rel}","templated":true}]}}