{"id":4393,"date":"2016-02-11T18:35:59","date_gmt":"2016-02-12T00:35:59","guid":{"rendered":"http:\/\/localhost\/producto\/ed-juniordinamometrodillon\/"},"modified":"2021-08-05T19:28:28","modified_gmt":"2021-08-05T19:28:28","slug":"ed-junior-dinamometro-dillon","status":"publish","type":"product","link":"https:\/\/basculasint.com\/en\/producto\/ed-junior-dinamometro-dillon\/","title":{"rendered":"ED Junior Dinam\u00f3metro Dillon"},"content":{"rendered":"","protected":false},"excerpt":{"rendered":"<p class=\"Cuerpo\"><span lang=\"ES-TRAD\">\u00c9ste dinam\u00f3metro es capaz de mostrar en pantalla la lectura de pesos m\u00e1s alto as\u00ed como la lectura de carga sostenida en pantalla. Puede seleccionarse una de 3 U de medida incluyendo libras fuerza, kilogramos fuerza y newtons. <\/span><\/p>\n<p class=\"Cuerpo\"><span lang=\"ES-TRAD\">El dise\u00f1o particular de este dinam\u00f3metro y las Galgas extensi\u00f3n m\u00e9tricas escogidas para este modelo producen una exactitud de 0.2% de la carga total de la b\u00e1scula. \u00c9ste nivel de exactitud permite que el instrumento se utilice en un amplio rango de aplicaci\u00f3nes. <\/span><\/p>\n<p class=\"Cuerpo\"><span lang=\"ES-TRAD\">La resoluci\u00f3n de este instrumento se basa en una parte en 1000 para asegurar el nivel de lectura requerido para aplicaciones de levantamiento cr\u00edtico. <\/span><\/p>\n<p><a href=\"http:\/\/www.dillon-force.com\/index.php?page=shop.product_details&amp;flypage=shop.flypage&amp;product_id=3&amp;category_id=1&amp;manufacturer_id=0&amp;option=com_virtuemart&amp;Itemid=1\">Documentaci\u00f3n<\/a><\/p>\n","protected":false},"featured_media":8482,"template":"","meta":[],"class_list":["post-4393","product","type-product","status-publish","has-post-thumbnail","hentry","product_cat-dinamometro"],"_links":{"self":[{"href":"https:\/\/basculasint.com\/en\/wp-json\/wp\/v2\/product\/4393\/"}],"collection":[{"href":"https:\/\/basculasint.com\/en\/wp-json\/wp\/v2\/product\/"}],"about":[{"href":"https:\/\/basculasint.com\/en\/wp-json\/wp\/v2\/types\/product\/"}],"wp:featuredmedia":[{"embeddable":true,"href":"https:\/\/basculasint.com\/en\/wp-json\/wp\/v2\/media\/8482\/"}],"wp:attachment":[{"href":"https:\/\/basculasint.com\/en\/wp-json\/wp\/v2\/media\/?parent=4393"}],"curies":[{"name":"wp","href":"https:\/\/api.w.org\/{rel}","templated":true}]}}