{"id":4396,"date":"2016-02-11T18:40:14","date_gmt":"2016-02-12T00:40:14","guid":{"rendered":"http:\/\/localhost\/producto\/ed-juniorbascula-para-gruadillon\/"},"modified":"2021-08-05T19:28:55","modified_gmt":"2021-08-05T19:28:55","slug":"ed-xtreme-dinamometro-dillon","status":"publish","type":"product","link":"https:\/\/basculasint.com\/en\/producto\/ed-xtreme-dinamometro-dillon\/","title":{"rendered":"ED-Xtreme Dinam\u00f3metro Dillon"},"content":{"rendered":"","protected":false},"excerpt":{"rendered":"<p class=\"Cuerpo\"><span lang=\"ES-TRAD\">Incluyendo todas las funciones de su hermano menor el ED-Junior este instrumento preciso puede sobrevivir cualquier castigo que el mundo real pueda poner sobre. Incluyendo una resistencia a la corrosi\u00f3n y superior fuerza que otros y no metros en el mercado cuenta con una certificaci\u00f3n IP55 para lectura en cualquier medio ambiente ya sea dentro de una planta o en exteriores. Cuenta con dos a\u00f1os de garant\u00eda.<\/span><\/p>\n<p class=\"Cuerpo\"><span lang=\"ES-TRAD\">Opcionalmente este dinam\u00f3metro cuenta con comunicaci\u00f3n inal\u00e1mbrica a un control remoto (radio comunicador) v\u00eda una frecuencia de 2.4 GHz. As\u00ed mismo d\u00eda un radio comunicador pueden enlazarse m\u00faltiples (15) dinam\u00f3metros con una distancia de hasta 600 pies en l\u00ednea directa sin barreras f\u00edsicas. <\/span><\/p>\n<p><a href=\"http:\/\/www.dillon-force.com\/index.php?page=shop.product_details&amp;flypage=shop.flypage&amp;product_id=2&amp;category_id=1&amp;manufacturer_id=0&amp;option=com_virtuemart&amp;Itemid=1\" target=\"_blank\" rel=\"noopener\">Documentaci\u00f3n<\/a><\/p>\n","protected":false},"featured_media":8484,"template":"","meta":[],"class_list":["post-4396","product","type-product","status-publish","has-post-thumbnail","hentry","product_cat-dinamometro"],"_links":{"self":[{"href":"https:\/\/basculasint.com\/en\/wp-json\/wp\/v2\/product\/4396\/"}],"collection":[{"href":"https:\/\/basculasint.com\/en\/wp-json\/wp\/v2\/product\/"}],"about":[{"href":"https:\/\/basculasint.com\/en\/wp-json\/wp\/v2\/types\/product\/"}],"wp:featuredmedia":[{"embeddable":true,"href":"https:\/\/basculasint.com\/en\/wp-json\/wp\/v2\/media\/8484\/"}],"wp:attachment":[{"href":"https:\/\/basculasint.com\/en\/wp-json\/wp\/v2\/media\/?parent=4396"}],"curies":[{"name":"wp","href":"https:\/\/api.w.org\/{rel}","templated":true}]}}