{"id":4399,"date":"2016-02-11T18:44:19","date_gmt":"2016-02-12T00:44:19","guid":{"rendered":"http:\/\/localhost\/producto\/ed-juniorbascula-para-gruadillon-2\/"},"modified":"2021-05-11T19:40:03","modified_gmt":"2021-05-11T19:40:03","slug":"ed-junior-bascula-para-grua-dillon","status":"publish","type":"product","link":"https:\/\/basculasint.com\/en\/producto\/ed-junior-bascula-para-grua-dillon\/","title":{"rendered":"ED-Junior B\u00e1scula para grua Dillon"},"content":{"rendered":"","protected":false},"excerpt":{"rendered":"<ul>\n<li>Dise\u00f1o sencillo y facilidad de operaci\u00f3n, desempe\u00f1o y calidad.<\/li>\n<li>Exactitud larga vida \u00fatil y muy importante seguridad para el usuario.<\/li>\n<li>Puede medir unidades de libras fuerza, kilogramos fuerza y newtons.<\/li>\n<li>Exactitud de 0.2% a capacidad total.<\/li>\n<li>Resoluci\u00f3n interna de una parte en 1000.<\/li>\n<li>Construido para m\u00e1xima fuerza, bajo peso y fabricado en aluminio de calidad aeron\u00e1utica.<\/li>\n<li>Utilizable en cualquier ambiente con certificaci\u00f3n NEMA 4 e IP 55.<\/li>\n<li>Tres diferentes opciones de gancho incluyen est\u00e1tico giro b\u00e1sico a la izquierda y a la derecha.<\/li>\n<li>Dos a\u00f1os de garant\u00eda.<\/li>\n<li><a href=\"http:\/\/www.dillon-force.com\/index.php?page=shop.product_details&amp;flypage=flypage.tpl&amp;product_id=27&amp;category_id=2&amp;manufacturer_id=0&amp;option=com_virtuemart&amp;Itemid=1\" target=\"_blank\" rel=\"noopener\">Documentaci\u00f3n<\/a><\/li>\n<\/ul>\n<p><strong>\u00a0<\/strong><\/p>\n<p>&nbsp;<\/p>\n","protected":false},"featured_media":8289,"template":"","meta":[],"class_list":["post-4399","product","type-product","status-publish","has-post-thumbnail","hentry","product_cat-bascula1","product_cat-grua"],"_links":{"self":[{"href":"https:\/\/basculasint.com\/en\/wp-json\/wp\/v2\/product\/4399\/"}],"collection":[{"href":"https:\/\/basculasint.com\/en\/wp-json\/wp\/v2\/product\/"}],"about":[{"href":"https:\/\/basculasint.com\/en\/wp-json\/wp\/v2\/types\/product\/"}],"wp:featuredmedia":[{"embeddable":true,"href":"https:\/\/basculasint.com\/en\/wp-json\/wp\/v2\/media\/8289\/"}],"wp:attachment":[{"href":"https:\/\/basculasint.com\/en\/wp-json\/wp\/v2\/media\/?parent=4399"}],"curies":[{"name":"wp","href":"https:\/\/api.w.org\/{rel}","templated":true}]}}