{"id":4409,"date":"2016-02-11T18:57:26","date_gmt":"2016-02-12T00:57:26","guid":{"rendered":"http:\/\/localhost\/producto\/210-r1balanza-precisionradwag\/"},"modified":"2021-05-10T19:26:38","modified_gmt":"2021-05-10T19:26:38","slug":"210-r1-balanza-precision-radwag","status":"publish","type":"product","link":"https:\/\/basculasint.com\/en\/producto\/210-r1-balanza-precision-radwag\/","title":{"rendered":"210.R1 Balanza precisi\u00f3n RadWag"},"content":{"rendered":"","protected":false},"excerpt":{"rendered":"<div>\n<p>Balanza RADWAG. la serie PS.R1 representa un nuevo est\u00e1ndar en balanzas de precisi\u00f3n. Cuentan con un nuevo display LCD que permite una clara presentaci\u00f3n del resultado del pesaje. Adem\u00e1s, el display tiene un nuevo segmento para informaci\u00f3n de texto permitiendo mostrar mensajes como descripci\u00f3n del producto y valor de Tara como datos agregados.<\/p>\n<p>Al igual que modelos previos la serie P.S. tienen plataformas en dos posibles dimensiones: 128 x 128 mm o 195x 195 mm. Balanzas con la plataforma m\u00e1s peque\u00f1a tambi\u00e9n incluye un Capelo para proteger el proceso de pesaje de corrientes de aire. Asimismo, estas balanzas est\u00e1n equipadas con un sistema de calibraci\u00f3n externa. Por \u00faltimo cuentan con los siguientes protocolos de comunicaci\u00f3n: dos puertos RS 232, un puerto\u00a0 USB tipo A, un puerto USB tipo B y opcionalmente conexi\u00f3n Wi-Fi.<\/p>\n<\/div>\n<div><\/div>\n<div><a href=\"http:\/\/radwag.com\/en\/PS-210R1-Precision-Balance,w1,X9V,\" target=\"_blank\" rel=\"noopener\">Documentaci\u00f3n<\/a><\/div>\n","protected":false},"featured_media":8240,"template":"","meta":[],"class_list":["post-4409","product","type-product","status-publish","has-post-thumbnail","hentry","product_cat-balanza","product_cat-presion"],"_links":{"self":[{"href":"https:\/\/basculasint.com\/en\/wp-json\/wp\/v2\/product\/4409\/"}],"collection":[{"href":"https:\/\/basculasint.com\/en\/wp-json\/wp\/v2\/product\/"}],"about":[{"href":"https:\/\/basculasint.com\/en\/wp-json\/wp\/v2\/types\/product\/"}],"wp:featuredmedia":[{"embeddable":true,"href":"https:\/\/basculasint.com\/en\/wp-json\/wp\/v2\/media\/8240\/"}],"wp:attachment":[{"href":"https:\/\/basculasint.com\/en\/wp-json\/wp\/v2\/media\/?parent=4409"}],"curies":[{"name":"wp","href":"https:\/\/api.w.org\/{rel}","templated":true}]}}