{"id":4414,"date":"2016-02-11T19:03:12","date_gmt":"2016-02-12T01:03:12","guid":{"rendered":"http:\/\/localhost\/producto\/bcr-150bascula-de-mesacobacorp\/"},"modified":"2021-06-14T17:00:50","modified_gmt":"2021-06-14T17:00:50","slug":"bcr-150bascula-de-piso-cobacorp","status":"publish","type":"product","link":"https:\/\/basculasint.com\/en\/producto\/bcr-150bascula-de-piso-cobacorp\/","title":{"rendered":"BCR-150\tB\u00e1scula de piso Cobacorp"},"content":{"rendered":"","protected":false},"excerpt":{"rendered":"<p>B\u00e1scula electr\u00f3nica de recibo, adem\u00e1s indica peso, precio por kilo y calcula el total a pagar. Incluye bater\u00eda recargable\u00a0que le permite trabajar todo el d\u00eda sin necesidad de conectarlo a la corriente el\u00e9ctrica. Ideal para uso en restaurantes, hoteles, miscel\u00e1neas, recaude\u00a0d\u00edas y todo aquel que necesite porcionar o contar y piezas.<\/p>\n<p><a href=\"http:\/\/www.equipos-cobacorp.com\/productos\/005\/index.php\" target=\"_blank\" rel=\"noopener\">Documentaci\u00f3n<\/a><\/p>\n","protected":false},"featured_media":8348,"template":"","meta":[],"class_list":["post-4414","product","type-product","status-publish","has-post-thumbnail","hentry","product_cat-bascula1","product_cat-presion-bascula"],"_links":{"self":[{"href":"https:\/\/basculasint.com\/en\/wp-json\/wp\/v2\/product\/4414\/"}],"collection":[{"href":"https:\/\/basculasint.com\/en\/wp-json\/wp\/v2\/product\/"}],"about":[{"href":"https:\/\/basculasint.com\/en\/wp-json\/wp\/v2\/types\/product\/"}],"wp:featuredmedia":[{"embeddable":true,"href":"https:\/\/basculasint.com\/en\/wp-json\/wp\/v2\/media\/8348\/"}],"wp:attachment":[{"href":"https:\/\/basculasint.com\/en\/wp-json\/wp\/v2\/media\/?parent=4414"}],"curies":[{"name":"wp","href":"https:\/\/api.w.org\/{rel}","templated":true}]}}