{"id":4528,"date":"2016-04-12T00:21:05","date_gmt":"2016-04-12T06:21:05","guid":{"rendered":"http:\/\/localhost\/?post_type=product&#038;p=4528"},"modified":"2021-05-10T19:11:31","modified_gmt":"2021-05-10T19:11:31","slug":"plataforma-bsq-avery-weigh-tronix","status":"publish","type":"product","link":"https:\/\/basculasint.com\/en\/producto\/plataforma-bsq-avery-weigh-tronix\/","title":{"rendered":"Plataforma BSQ, Avery Weigh-Tronix"},"content":{"rendered":"","protected":false},"excerpt":{"rendered":"<p class=\"Cuerpo\"><span lang=\"ES-TRAD\">Esta plataforma pesadora de mesa ofrece una combinaci\u00f3n de exactitud y robustez sin rival; de alta exactitud que puede operar como balanza. El transductor de peso digital de cuarzo permite al usuario pesar cualquier art\u00edculo desde un componente miniatura hasta una caja de 80 kg mientras su dise\u00f1o ofrece protecci\u00f3n excepcional en contra del medio ambiente hostil. Gracias a su sensor digital de alta exactitud, esta balanza logra m\u00e1s de 1 bill\u00f3n de conteos internos con una precisi\u00f3n extraordinaria, logrando detectar hasta el m\u00e1s peque\u00f1o cambio de peso.<\/span><br \/>\n<a href=\"http:\/\/www.averyweigh-tronix.com\/products\/industrial-weighing-scales\/bench-scales\/bench-scale-bases\/BSQ-bench-scale-base\/\" target=\"_blank\" rel=\"noopener\">Documentaci\u00f3n<\/a><\/p>\n","protected":false},"featured_media":8230,"template":"","meta":[],"class_list":["post-4528","product","type-product","status-publish","has-post-thumbnail","hentry","product_cat-balanza","product_cat-balanza-industrial"],"_links":{"self":[{"href":"https:\/\/basculasint.com\/en\/wp-json\/wp\/v2\/product\/4528\/"}],"collection":[{"href":"https:\/\/basculasint.com\/en\/wp-json\/wp\/v2\/product\/"}],"about":[{"href":"https:\/\/basculasint.com\/en\/wp-json\/wp\/v2\/types\/product\/"}],"wp:featuredmedia":[{"embeddable":true,"href":"https:\/\/basculasint.com\/en\/wp-json\/wp\/v2\/media\/8230\/"}],"wp:attachment":[{"href":"https:\/\/basculasint.com\/en\/wp-json\/wp\/v2\/media\/?parent=4528"}],"curies":[{"name":"wp","href":"https:\/\/api.w.org\/{rel}","templated":true}]}}