{"id":4534,"date":"2016-04-12T00:32:46","date_gmt":"2016-04-12T06:32:46","guid":{"rendered":"http:\/\/localhost\/?post_type=product&#038;p=4534"},"modified":"2021-08-05T17:29:12","modified_gmt":"2021-08-05T17:29:12","slug":"indicador-1280-rice-lake","status":"publish","type":"product","link":"https:\/\/basculasint.com\/en\/producto\/indicador-1280-rice-lake\/","title":{"rendered":"Indicador 1280, Rice Lake"},"content":{"rendered":"","protected":false},"excerpt":{"rendered":"<ul>\n<li>Pantalla gr\u00e1fica a color t\u00e1ctil de siete pulgadas, 800 \u00d7 480 px ajustable para diferentes condiciones de luz ambiental, interfaz gr\u00e1fica programable a as necesidades del usuario, tres diferentes presentaciones incluyendo universal panel de control y montaje en pared, pantalla t\u00e1ctil resistente que puede utilizarse con guantes, teclado touch-screen O teclado externo alfanum\u00e9rico, sistema operativo multi idioma, teclado f\u00edsico para operaciones de la b\u00e1scula entradas num\u00e9ricas y navegaci\u00f3n, m\u00e1s de 150 funciones para programaci\u00f3n, aplicaciones de pesaje modificables desde iRite software. Incluye un servidor web interno para acceso remoto e integraci\u00f3n de sistemas y monitoreo de datos. Puede controlar hasta ocho b\u00e1sculas independiente, funciones de pesaje multi rango y multi intervalo, ocho entradas y salidas digitales Y conteo de pulsos, 100 puntos de corte y 18 diferentes tipos de puntos de corte configurarlo. 22 teclas multifuncionales. Dos puertos seriales RS 232 dos puertos RS 485, puertos USB, Ethernet con protocolo TCP\/IP, Wi-Fi y Bluetooth.<\/li>\n<\/ul>\n","protected":false},"featured_media":8460,"template":"","meta":[],"class_list":["post-4534","product","type-product","status-publish","has-post-thumbnail","hentry","product_cat-indicadores","product_cat-programable"],"_links":{"self":[{"href":"https:\/\/basculasint.com\/en\/wp-json\/wp\/v2\/product\/4534\/"}],"collection":[{"href":"https:\/\/basculasint.com\/en\/wp-json\/wp\/v2\/product\/"}],"about":[{"href":"https:\/\/basculasint.com\/en\/wp-json\/wp\/v2\/types\/product\/"}],"wp:featuredmedia":[{"embeddable":true,"href":"https:\/\/basculasint.com\/en\/wp-json\/wp\/v2\/media\/8460\/"}],"wp:attachment":[{"href":"https:\/\/basculasint.com\/en\/wp-json\/wp\/v2\/media\/?parent=4534"}],"curies":[{"name":"wp","href":"https:\/\/api.w.org\/{rel}","templated":true}]}}