{"id":4549,"date":"2016-04-12T20:15:21","date_gmt":"2016-04-13T02:15:21","guid":{"rendered":"http:\/\/localhost\/?post_type=product&#038;p=4549"},"modified":"2021-08-26T18:43:57","modified_gmt":"2021-08-26T18:43:57","slug":"zg-354-weigh-tronix","status":"publish","type":"product","link":"https:\/\/basculasint.com\/en\/producto\/zg-354-weigh-tronix\/","title":{"rendered":"ZG-354, Weigh Tronix"},"content":{"rendered":"","protected":false},"excerpt":{"rendered":"<p>Impresora para \u00e1reas secas y libres de polvo tama\u00f1o m\u00e1ximo de etiquetas cuatro pulgadas de ancho, cuenta con dos USB serial o paralelo, sistema de auto corte y auto exposici\u00f3n del etiqueta, puede seleccionar modo de impresi\u00f3n t\u00e9rmica directa o de transferencia t\u00e9rmica, funciona con adaptador de corriente alterna.<\/p>\n","protected":false},"featured_media":8662,"template":"","meta":[],"class_list":["post-4549","product","type-product","status-publish","has-post-thumbnail","hentry","product_cat-impresora-industrial","product_cat-termica-de-transferencia","product_cat-impresores"],"_links":{"self":[{"href":"https:\/\/basculasint.com\/en\/wp-json\/wp\/v2\/product\/4549\/"}],"collection":[{"href":"https:\/\/basculasint.com\/en\/wp-json\/wp\/v2\/product\/"}],"about":[{"href":"https:\/\/basculasint.com\/en\/wp-json\/wp\/v2\/types\/product\/"}],"wp:featuredmedia":[{"embeddable":true,"href":"https:\/\/basculasint.com\/en\/wp-json\/wp\/v2\/media\/8662\/"}],"wp:attachment":[{"href":"https:\/\/basculasint.com\/en\/wp-json\/wp\/v2\/media\/?parent=4549"}],"curies":[{"name":"wp","href":"https:\/\/api.w.org\/{rel}","templated":true}]}}