{"id":4961,"date":"2017-06-30T14:06:43","date_gmt":"2017-06-30T20:06:43","guid":{"rendered":"http:\/\/localhost\/?post_type=product&#038;p=4961"},"modified":"2021-08-05T16:44:22","modified_gmt":"2021-08-05T16:44:22","slug":"zm505-indicador-de-peso","status":"publish","type":"product","link":"https:\/\/basculasint.com\/en\/producto\/zm505-indicador-de-peso\/","title":{"rendered":"ZM505 Indicador de peso"},"content":{"rendered":"","protected":false},"excerpt":{"rendered":"<p><span style=\"font-weight: 400;\">Un indicador flexible y de alta conectividad \u00a0que cuenta con m\u00faltiples puertos integrados de tecnolog\u00eda de comunicaci\u00f3n y es programable para proporcionar soluciones espec\u00edficas de aplicaci\u00f3n. Con la capacidad de mostrar, transmitir y almacenar datos, el ZM505 ofrece una soluci\u00f3n ideal para los requisitos personalizados.<\/span><\/p>\n<p><span style=\"font-weight: 400;\">Pantalla gr\u00e1fica de alto contraste, Black Nematic (IBN) que mejora la visibilidad y el contraste de color. Con sus \u00e1ngulos de visi\u00f3n amplios, la pantalla gr\u00e1fica verde y negro ultra brillante es f\u00e1cilmente visible en condiciones extremas de trabajo, limitando la fatiga ocular y otorgando una mayor manejabilidad. Un \u00e1rea de matriz gr\u00e1fica a la derecha de la pantalla permite que aparezcan peque\u00f1os mensajes de usuario o im\u00e1genes, junto con los datos de peso visualizados.<\/span><\/p>\n<p><span style=\"font-weight: 400;\">Se surte con gabinete de acero inoxidable 304 con Certificaci\u00f3n IP69K con acabado cepillado y construido para ambientes de oficina, sucios y polvorientos, h\u00famedos o de alta presi\u00f3n, lavado de chorro a presi\u00f3n y ambientes al aire libre. Siempre vers\u00e1til, el indicador tambi\u00e9n se adapta a aplicaciones de montaje en escritorio, pared o columna y tambi\u00e9n est\u00e1 disponible en una versi\u00f3n montable en panel de acero inoxidable IP66.<\/span><\/p>\n<p><span style=\"font-weight: 400;\">Teclados<\/span><\/p>\n<p><span style=\"font-weight: 400;\">El ZM505 cuenta con un teclado num\u00e9rico alfanum\u00e9rico con 29 claves de metal con forma de domo, que al oprimirse proporcionan al usuario una retroalimentaci\u00f3n t\u00e1ctil n\u00edtida con confirmaci\u00f3n de audio. Cinco teclas programables permiten asignar tareas de pesada espec\u00edficas al indicador, permitiendo que las operaciones de pesaje se realicen r\u00e1pida y eficazmente. El ZM505 tambi\u00e9n admite el teclado adicional USB externo.<\/span><\/p>\n<p><span style=\"font-weight: 400;\">Conectividad adaptada. Dise\u00f1ado para asegurar la compatibilidad y la comunicaci\u00f3n entre viejas y nuevas tecnolog\u00edas perif\u00e9ricas, el ZM505 tiene tres puertos seriales full duplex y dos hu\u00e9spedes USB incluidos en forma est\u00e1ndar, con un puerto Ethernet\/IP y Modbus-TCP que puede ser configurado para soportar diez dispositivos independientes, DHCP cliente \/ servidor y sockets Ethernet, adem\u00e1s de series de Protocolos.<\/span><\/p>\n<p><span style=\"font-weight: 400;\">El ZM505 es compatible con una amplia gama de otras plataformas de pesaje, incluyendo b\u00e1sculas para camiones, mesa, piso y b\u00e1sculas para dosificaci\u00f3n, conteo y control de peso.<\/span><\/p>\n","protected":false},"featured_media":8442,"template":"","meta":[],"class_list":["post-4961","product","type-product","status-publish","has-post-thumbnail","hentry","product_cat-indicadores","product_cat-peso","product_cat-programable"],"_links":{"self":[{"href":"https:\/\/basculasint.com\/en\/wp-json\/wp\/v2\/product\/4961\/"}],"collection":[{"href":"https:\/\/basculasint.com\/en\/wp-json\/wp\/v2\/product\/"}],"about":[{"href":"https:\/\/basculasint.com\/en\/wp-json\/wp\/v2\/types\/product\/"}],"wp:featuredmedia":[{"embeddable":true,"href":"https:\/\/basculasint.com\/en\/wp-json\/wp\/v2\/media\/8442\/"}],"wp:attachment":[{"href":"https:\/\/basculasint.com\/en\/wp-json\/wp\/v2\/media\/?parent=4961"}],"curies":[{"name":"wp","href":"https:\/\/api.w.org\/{rel}","templated":true}]}}