{"id":4969,"date":"2017-06-30T14:16:12","date_gmt":"2017-06-30T20:16:12","guid":{"rendered":"http:\/\/localhost\/?post_type=product&#038;p=4969"},"modified":"2021-08-05T16:49:17","modified_gmt":"2021-08-05T16:49:17","slug":"zm510-indicador-de-peso","status":"publish","type":"product","link":"https:\/\/basculasint.com\/en\/producto\/zm510-indicador-de-peso\/","title":{"rendered":"ZM510 Indicador de peso"},"content":{"rendered":"","protected":false},"excerpt":{"rendered":"<p><span style=\"font-weight: 400;\">Programable y con alta capacidad conectiva, este indicador muestra, analiza y transmite datos a trav\u00e9s de diversos dispositivos satisfaciendo necesidades personalizadas para complejas tareas de pesaje en los negocios. Ideal para usarse con un amplio rango de b\u00e1sculas, este vers\u00e1til y amigable indicador permite lograr soluciones que requieren una alta configuraci\u00f3n. <\/span><\/p>\n<p><span style=\"font-weight: 400;\">Este indicador tiene 48 teclas met\u00e1licas en forma de domo, qu\u00edmicamente resistentes, que al ser presionadas proporcionan una retroalimentaci\u00f3n t\u00e1ctil, as\u00ed como una confirmaci\u00f3n audible. Su gran teclado QWERTY logra que la introducci\u00f3n de datos sea una simple pulsaci\u00f3n de sus teclas operacionales que incluyen: Cero, Impresi\u00f3n, Unidades, Tara, Selecci\u00f3n, B\u00e1scula en uso, Alto, Teclado Num\u00e9rico del 0 al 9, Alfa Individual, CAPS, N\u00famero de Llave (seguridad), Entrada, 5 Teclas Funcionales (F1-F5) y Barra de espaciamiento. <\/span><\/p>\n<p><span style=\"font-weight: 400;\">Su pantalla gr\u00e1fica de matriz de puntos en color verde y negro ultra brillante, mejorada con tecnolog\u00eda gr\u00e1fica super nem\u00e1tica de giro (ISTN) y negra nem\u00e1tica (IBN), proporciona un contraste de color con excelente visibilidad; su amplitud con 320 x 160 pixeles contiene un gran espacio para mostrar avisos de usuario, gr\u00e1ficos, im\u00e1genes y diversos valores de peso, que aunado a sus amplios \u00e1ngulos de visi\u00f3n y su alto contraste, la hace f\u00e1cilmente visible en entornos de trabajo extremos, pudi\u00e9ndose invertir en lugares luminosos, para obtener una \u00f3ptima visualizaci\u00f3n.<\/span><\/p>\n<p><span style=\"font-weight: 400;\">Con gabinete en construcci\u00f3n de acero inoxidable 304 con acabado cepillado, cuenta con Certificado IP69K que lo hace ideal para ambientes con lavado de chorro a presi\u00f3n (plantas de alimentos), as\u00ed como para ambientes industriales sucios y polvorientos. Adaptable para montajes en mesa, pared o columna, as\u00ed como tambi\u00e9n para montajes en paneles industriales. <\/span><\/p>\n<p><span style=\"font-weight: 400;\">Este indicador ofrece un nuevo nivel de conectividad que garantiza la compatibilidad y la comunicaci\u00f3n entre las tecnolog\u00edas perif\u00e9ricas viejas y nuevas. permite contar en forma est\u00e1ndar con tres puertos seriales RS232 y dos puertos USB; as\u00ed como un puerto Ethernet opcional que puede ser configurado para soportar hasta diez dispositivos independientes, que soportan los servidores DHCP, UDP Sockets, TCP\/IP, servidor web integrado, email, SMA, NCI, FTP, ENQ y Broadcast (cliente \/ servidor). En forma opcional: salida an\u00e1loga, interfase I\/O externa, Ethernet inal\u00e1mbrico, Device Net y Profibus, as\u00ed como Kits para entradas y salidas digitales.<\/span><\/p>\n","protected":false},"featured_media":8448,"template":"","meta":[],"class_list":["post-4969","product","type-product","status-publish","has-post-thumbnail","hentry","product_cat-indicadores","product_cat-peso","product_cat-programable"],"_links":{"self":[{"href":"https:\/\/basculasint.com\/en\/wp-json\/wp\/v2\/product\/4969\/"}],"collection":[{"href":"https:\/\/basculasint.com\/en\/wp-json\/wp\/v2\/product\/"}],"about":[{"href":"https:\/\/basculasint.com\/en\/wp-json\/wp\/v2\/types\/product\/"}],"wp:featuredmedia":[{"embeddable":true,"href":"https:\/\/basculasint.com\/en\/wp-json\/wp\/v2\/media\/8448\/"}],"wp:attachment":[{"href":"https:\/\/basculasint.com\/en\/wp-json\/wp\/v2\/media\/?parent=4969"}],"curies":[{"name":"wp","href":"https:\/\/api.w.org\/{rel}","templated":true}]}}