{"id":4983,"date":"2017-06-30T14:26:26","date_gmt":"2017-06-30T20:26:26","guid":{"rendered":"http:\/\/localhost\/?post_type=product&#038;p=4983"},"modified":"2021-08-05T16:52:57","modified_gmt":"2021-08-05T16:52:57","slug":"zm615-indicador-de-peso","status":"publish","type":"product","link":"https:\/\/basculasint.com\/en\/producto\/zm615-indicador-de-peso\/","title":{"rendered":"ZM615 Indicador de peso"},"content":{"rendered":"","protected":false},"excerpt":{"rendered":"<p><span style=\"font-weight: 400;\">Indicador de peso completamente programable, flexible y de alto rendimiento, que aporta soluciones a la medida para una amplia gama de aplicaciones particulares. Varios puertos de comunicaci\u00f3n integrados, con tecnolog\u00eda de punta, le permiten a los usuarios mostrar, almacenar y transmitir datos a trav\u00e9s de diversos dispositivos. <\/span><\/p>\n<p><span style=\"font-weight: 400;\">Su pantalla gr\u00e1fica de matriz de puntos en color verde y negro ultra brillante, mejorada con tecnolog\u00eda gr\u00e1fica super nem\u00e1tica de giro (ISTN) y negra nem\u00e1tica (IBN), proporciona un contraste de color con excelente visibilidad; su amplitud con 320 x 160 pixeles contiene un gran espacio para mostrar avisos de usuario, gr\u00e1ficos, im\u00e1genes y diversos valores de peso, que aunado a sus amplios \u00e1ngulos de visi\u00f3n y su alto contraste, la hace f\u00e1cilmente visible en entornos de trabajo extremos, pudi\u00e9ndose invertir en lugares luminosos, para obtener una \u00f3ptima visualizaci\u00f3n.<\/span><\/p>\n<p><span style=\"font-weight: 400;\">Con gabinete en construcci\u00f3n de acero inoxidable 304 con acabado cepillado, cuenta con Certificado IP69K que lo hace ideal para ambientes con lavado de chorro a presi\u00f3n (plantas de alimentos), as\u00ed como para ambientes sucios y polvorientos. Adaptable para montajes en mesa, pared o columna, as\u00ed como tambi\u00e9n para montajes en paneles industriales.<\/span><\/p>\n<p><span style=\"font-weight: 400;\">Su gran capacidad de conectividad le permite contar en forma est\u00e1ndar con varios puertos seriales y USB; as\u00ed como un puerto Ethernet opcional que puede ser configurado para soportar hasta diez dispositivos independientes con veinte protocolos.<\/span><\/p>\n<p><span style=\"font-weight: 400;\">Cuenta asimismo con un teclado alfanum\u00e9rico con teclas met\u00e1licas en forma de domo que al ser presionadas le proporcionan una retroalimentaci\u00f3n t\u00e1ctil n\u00edtida y positiva. Cinco teclas programables, permiten asignarle al indicador tareas espec\u00edficas de pesaje de una manera r\u00e1pida y eficaz. Admite tambi\u00e9n un teclado externo USB adicional y\/o un dispositivo de almacenamiento USB para la recopilaci\u00f3n de datos. <\/span><\/p>\n","protected":false},"featured_media":8458,"template":"","meta":[],"class_list":["post-4983","product","type-product","status-publish","has-post-thumbnail","hentry","product_cat-indicadores","product_cat-peso","product_cat-programable"],"_links":{"self":[{"href":"https:\/\/basculasint.com\/en\/wp-json\/wp\/v2\/product\/4983\/"}],"collection":[{"href":"https:\/\/basculasint.com\/en\/wp-json\/wp\/v2\/product\/"}],"about":[{"href":"https:\/\/basculasint.com\/en\/wp-json\/wp\/v2\/types\/product\/"}],"wp:featuredmedia":[{"embeddable":true,"href":"https:\/\/basculasint.com\/en\/wp-json\/wp\/v2\/media\/8458\/"}],"wp:attachment":[{"href":"https:\/\/basculasint.com\/en\/wp-json\/wp\/v2\/media\/?parent=4983"}],"curies":[{"name":"wp","href":"https:\/\/api.w.org\/{rel}","templated":true}]}}