{"id":5001,"date":"2017-06-30T15:19:28","date_gmt":"2017-06-30T15:19:28","guid":{"rendered":"http:\/\/localhost\/?post_type=product&#038;p=5001"},"modified":"2021-05-11T19:27:13","modified_gmt":"2021-05-11T19:27:13","slug":"zk830-control-de-peso-digital-de-alta-resolucion","status":"publish","type":"product","link":"https:\/\/basculasint.com\/en\/producto\/zk830-control-de-peso-digital-de-alta-resolucion\/","title":{"rendered":"ZK830 Control de peso digital de alta resoluci\u00f3n"},"content":{"rendered":"","protected":false},"excerpt":{"rendered":"<p><span style=\"font-weight: 400;\">De r\u00e1pida respuesta, confiable y extremadamente precisa, la ZK830 ha sido dise\u00f1ada pensando en las necesidades del usuario. Su f\u00e1cil manejo abarca funciones de chequeo de pesos objetivo Falta\/Acepta\/Sobra, as\u00ed como conteo exacto de piezas, por la alta resoluci\u00f3n de su sensor digital de cuarzo que incluye una base de datos con memoria para 40 PLU\u2019s (n\u00famero de parte). \u00a0\u00a0\u00a0<\/span><\/p>\n<p><span style=\"font-weight: 400;\">Ofrece una amplia gama de opciones de conectividad; se puede interfasar a la mayor\u00eda de las PC\u2019s e impresoras a trav\u00e9s de sus puertos de comunicaci\u00f3n RS-232, USB y Ethernet, facilitando la captura y el an\u00e1lisis de datos de producci\u00f3n para maximizar el rendimiento en la operaci\u00f3n de la misma.<\/span><\/p>\n<p><span style=\"font-weight: 400;\">El sensor digital de este instrumento logra una resoluci\u00f3n en pantalla de 100,000 divisiones. Asimismo, le permite detectar min\u00fasculas partes a trav\u00e9s de su resoluci\u00f3n interna de un bill\u00f3n (mil millones) de conteos.<\/span><\/p>\n<p><span style=\"font-weight: 400;\">Contiene un sistema modular flexible para satisfacer diversas necesidades de aplicaci\u00f3n, adapt\u00e1ndose a una amplia gama de dispositivos, tales como pantalla remota, plataforma con rodamientos, esc\u00e1neres, sem\u00e1foro de luces y alarmas. <\/span><\/p>\n<p><span style=\"font-weight: 400;\">Su especial dise\u00f1o proporciona un protecci\u00f3n interna de sobrecarga de 1100% (mil cien) para su transductor de cuarzo digital, asegurando una alta exactitud y repetibilidad a\u00fan en condiciones extremas de trabajo. <\/span><\/p>\n<p><span style=\"font-weight: 400;\">Se presenta en varias capacidades, con la opci\u00f3n de conectarse a una plataforma remota de mayor capacidad.<\/span><\/p>\n","protected":false},"featured_media":8283,"template":"","meta":[],"class_list":["post-5001","product","type-product","status-publish","has-post-thumbnail","hentry","product_cat-bascula1","product_cat-contadora"],"_links":{"self":[{"href":"https:\/\/basculasint.com\/en\/wp-json\/wp\/v2\/product\/5001\/"}],"collection":[{"href":"https:\/\/basculasint.com\/en\/wp-json\/wp\/v2\/product\/"}],"about":[{"href":"https:\/\/basculasint.com\/en\/wp-json\/wp\/v2\/types\/product\/"}],"wp:featuredmedia":[{"embeddable":true,"href":"https:\/\/basculasint.com\/en\/wp-json\/wp\/v2\/media\/8283\/"}],"wp:attachment":[{"href":"https:\/\/basculasint.com\/en\/wp-json\/wp\/v2\/media\/?parent=5001"}],"curies":[{"name":"wp","href":"https:\/\/api.w.org\/{rel}","templated":true}]}}