{"id":5033,"date":"2017-07-24T22:24:08","date_gmt":"2017-07-25T04:24:08","guid":{"rendered":"http:\/\/localhost\/?post_type=product&#038;p=5033"},"modified":"2021-05-10T18:53:24","modified_gmt":"2021-05-10T18:53:24","slug":"balanzas-analiticas-compactas-hr-a-y-hr-az-and-weighing","status":"publish","type":"product","link":"https:\/\/basculasint.com\/en\/producto\/balanzas-analiticas-compactas-hr-a-y-hr-az-and-weighing\/","title":{"rendered":"Balanzas anal\u00edticas compactas HR-A y HR-AZ, AND Weighing"},"content":{"rendered":"","protected":false},"excerpt":{"rendered":"<ul>\n<li>Tama\u00f1o compacto.<\/li>\n<li>Calibraci\u00f3n interna (modelos HR-AZ).<\/li>\n<li>Blindaje antiest\u00e1tico con puertas giratorias.<\/li>\n<li>Seguro f<span class=\"_Tgc\">\u00ed<\/span>sico contra robo<\/li>\n<li>Funci\u00f3n de &#8220;Encendido&#8221; autom\u00e1tico.<\/li>\n<li>Garant\u00eda de 5 a\u00f1os.<\/li>\n<\/ul>\n<p>La serie HR-A \/ -AZ son balanzas anal\u00edticas compactas de nivel de entrada con escudo contra inestabilidad y antiest\u00e1tica. Las puertas giratorias tambi\u00e9n le proporcionan a las balanzas de Galaxy el registro m\u00e1s peque\u00f1o jam\u00e1s obtenido en un balanza anal\u00edtica (0,1mg) A &amp; D.<\/p>\n","protected":false},"featured_media":8218,"template":"","meta":[],"class_list":["post-5033","product","type-product","status-publish","has-post-thumbnail","hentry","product_cat-analiticas","product_cat-balanza"],"_links":{"self":[{"href":"https:\/\/basculasint.com\/en\/wp-json\/wp\/v2\/product\/5033\/"}],"collection":[{"href":"https:\/\/basculasint.com\/en\/wp-json\/wp\/v2\/product\/"}],"about":[{"href":"https:\/\/basculasint.com\/en\/wp-json\/wp\/v2\/types\/product\/"}],"wp:featuredmedia":[{"embeddable":true,"href":"https:\/\/basculasint.com\/en\/wp-json\/wp\/v2\/media\/8218\/"}],"wp:attachment":[{"href":"https:\/\/basculasint.com\/en\/wp-json\/wp\/v2\/media\/?parent=5033"}],"curies":[{"name":"wp","href":"https:\/\/api.w.org\/{rel}","templated":true}]}}