{"id":5049,"date":"2017-07-26T21:20:34","date_gmt":"2017-07-27T03:20:34","guid":{"rendered":"http:\/\/localhost\/?post_type=product&#038;p=5049"},"modified":"2021-05-10T19:39:56","modified_gmt":"2021-05-10T19:39:56","slug":"serie-fg-k-escalones-de-banco","status":"publish","type":"product","link":"https:\/\/basculasint.com\/en\/producto\/serie-fg-k-escalones-de-banco\/","title":{"rendered":"Serie FG-K B\u00e1sculas tipo mesa"},"content":{"rendered":"","protected":false},"excerpt":{"rendered":"<ul>\n<li>9 modelos listados NTEP &amp; Measurement Canada.<\/li>\n<li>9 versiones de alta resoluci\u00f3n tambi\u00e9n disponibles.<\/li>\n<li>Funci<span class=\"_Tgc\">\u00f3<\/span>n de filtrado seleccionable, para mejorar el resultado del pesaje.<\/li>\n<li>Con marco de s\u00f3lida construcci<span class=\"_Tgc\">\u00f3<\/span>n y plataforma receptora de carga de acero inoxidable.<\/li>\n<li>Funcionamiento de CA o bater\u00edas con 4 pilas C tipo seco.<\/li>\n<li>Pantalla LCD montada en columna o integrada a la plataforma.<\/li>\n<\/ul>\n<p>La serie FG-K combina un tiempo de respuesta r\u00e1pida con una s<span class=\"_Tgc\">\u00f3<\/span>lida durabilidad en un paquete f\u00e1cil de usar. Tres lecturas seleccionables por el usuario le permiten elegir la resoluci\u00f3n necesaria para el tipo trabajo. Los modos de pesaje adicionales incluyen el recuento de piezas y la funci\u00f3n comparadora HI \/ OK \/ LOW para la funci<span class=\"_Tgc\">\u00f3<\/span>n checadora de peso. Pesa en lb, kg, oz.<\/p>\n","protected":false},"featured_media":8250,"template":"","meta":[],"class_list":["post-5049","product","type-product","status-publish","has-post-thumbnail","hentry","product_cat-balanza","product_cat-recibo-2"],"_links":{"self":[{"href":"https:\/\/basculasint.com\/en\/wp-json\/wp\/v2\/product\/5049\/"}],"collection":[{"href":"https:\/\/basculasint.com\/en\/wp-json\/wp\/v2\/product\/"}],"about":[{"href":"https:\/\/basculasint.com\/en\/wp-json\/wp\/v2\/types\/product\/"}],"wp:featuredmedia":[{"embeddable":true,"href":"https:\/\/basculasint.com\/en\/wp-json\/wp\/v2\/media\/8250\/"}],"wp:attachment":[{"href":"https:\/\/basculasint.com\/en\/wp-json\/wp\/v2\/media\/?parent=5049"}],"curies":[{"name":"wp","href":"https:\/\/api.w.org\/{rel}","templated":true}]}}