{"id":5055,"date":"2017-07-26T21:36:33","date_gmt":"2017-07-27T03:36:33","guid":{"rendered":"http:\/\/localhost\/?post_type=product&#038;p=5055"},"modified":"2021-05-10T19:36:59","modified_gmt":"2021-05-10T19:36:59","slug":"eki-ewi-everest-compacto-and-weighing","status":"publish","type":"product","link":"https:\/\/basculasint.com\/en\/producto\/eki-ewi-everest-compacto-and-weighing\/","title":{"rendered":"EKi \/ EWi &#8220;Everest&#8221; compacto, AND Weighing"},"content":{"rendered":"","protected":false},"excerpt":{"rendered":"<ul>\n<li>Gabinete de metal de larga duraci<span class=\"_Tgc\">\u00f3<\/span>n.<\/li>\n<li>RS-232C Est\u00e1ndar.<\/li>\n<li>Funci\u00f3n de conteo y funci<span class=\"_Tgc\">\u00f3<\/span>n comparadora.<\/li>\n<li>Funci\u00f3n de apagado autom\u00e1tico.<\/li>\n<li>Opci\u00f3n de bater\u00eda NiCd recargable.<\/li>\n<li>Capacidad de pesaje con gancho inferior.<\/li>\n<li>4 modelos legales para comercio (NTEP).<\/li>\n<\/ul>\n<p>Las balanzas compactas EKi \/ EWi ofrecen una amplia selecci\u00f3n de capacidades y resoluciones. Las vers\u00e1tiles caracter\u00edsticas incluyen calibraci\u00f3n digital completa y una gran pantalla LCD retroiluminada. Su huella peque\u00f1a, funda opcional para su transporte y bater\u00eda recargable de NiCd la hacen conveniente y port\u00e1til.<\/p>\n","protected":false},"featured_media":8246,"template":"","meta":[],"class_list":["post-5055","product","type-product","status-publish","has-post-thumbnail","hentry","product_cat-balanza","product_cat-recibo-2"],"_links":{"self":[{"href":"https:\/\/basculasint.com\/en\/wp-json\/wp\/v2\/product\/5055\/"}],"collection":[{"href":"https:\/\/basculasint.com\/en\/wp-json\/wp\/v2\/product\/"}],"about":[{"href":"https:\/\/basculasint.com\/en\/wp-json\/wp\/v2\/types\/product\/"}],"wp:featuredmedia":[{"embeddable":true,"href":"https:\/\/basculasint.com\/en\/wp-json\/wp\/v2\/media\/8246\/"}],"wp:attachment":[{"href":"https:\/\/basculasint.com\/en\/wp-json\/wp\/v2\/media\/?parent=5055"}],"curies":[{"name":"wp","href":"https:\/\/api.w.org\/{rel}","templated":true}]}}