{"id":5061,"date":"2017-07-26T21:51:52","date_gmt":"2017-07-27T03:51:52","guid":{"rendered":"http:\/\/localhost\/?post_type=product&#038;p=5061"},"modified":"2021-05-13T18:18:30","modified_gmt":"2021-05-13T18:18:30","slug":"basculas-de-pesaje-de-control-fs-i-and-weighing","status":"publish","type":"product","link":"https:\/\/basculasint.com\/en\/producto\/basculas-de-pesaje-de-control-fs-i-and-weighing\/","title":{"rendered":"B\u00e1sculas de pesaje de control FS-i, AND Weighing"},"content":{"rendered":"","protected":false},"excerpt":{"rendered":"<ul>\n<li>Protecci\u00f3n IP65 con protecci\u00f3n contra el polvo y el agua<\/li>\n<li>Memoria de datos de 100 elementos<\/li>\n<li>Funcionamiento de CA o bater\u00eda recargable opcional<\/li>\n<li>Unidades NTEP de mayor resoluci\u00f3n disponible<\/li>\n<li>2 a\u00f1os de garant\u00eda<\/li>\n<\/ul>\n<p>Las series de b\u00e1sculas de pesaje A y D de la serie FS-i cuentan con luces de comparador grandes y brillantes, la construcci\u00f3n de acero inoxidable y los niveles de resoluci\u00f3n seleccionables por el usuario. Las pesadoras de control FS-i satisfacen los requisitos NSF y HACCP. Estas escalas duraderas son ideales para aplicaciones de procesamiento de alimentos y control de peso. Modelos NTEP Certificado y Medici\u00f3n Canad\u00e1 aprobados.<\/p>\n<p>B\u00e1sculas de pesaje de control FS-i, Y Pesaje<\/p>\n","protected":false},"featured_media":8306,"template":"","meta":[],"class_list":["post-5061","product","type-product","status-publish","has-post-thumbnail","hentry","product_cat-bascula1","product_cat-precio"],"_links":{"self":[{"href":"https:\/\/basculasint.com\/en\/wp-json\/wp\/v2\/product\/5061\/"}],"collection":[{"href":"https:\/\/basculasint.com\/en\/wp-json\/wp\/v2\/product\/"}],"about":[{"href":"https:\/\/basculasint.com\/en\/wp-json\/wp\/v2\/types\/product\/"}],"wp:featuredmedia":[{"embeddable":true,"href":"https:\/\/basculasint.com\/en\/wp-json\/wp\/v2\/media\/8306\/"}],"wp:attachment":[{"href":"https:\/\/basculasint.com\/en\/wp-json\/wp\/v2\/media\/?parent=5061"}],"curies":[{"name":"wp","href":"https:\/\/api.w.org\/{rel}","templated":true}]}}