{"id":5137,"date":"2017-08-28T17:02:41","date_gmt":"2017-08-28T17:02:41","guid":{"rendered":"http:\/\/localhost\/?post_type=product&#038;p=5137"},"modified":"2021-05-11T19:28:38","modified_gmt":"2021-05-11T19:28:38","slug":"zk840-bascula-checadora-y-contadora-de-alta-precision-para-uso-industrial-2","status":"publish","type":"product","link":"https:\/\/basculasint.com\/en\/producto\/zk840-bascula-checadora-y-contadora-de-alta-precision-para-uso-industrial-2\/","title":{"rendered":"ZK840 &#8211; B\u00e1scula Checadora y Contadora de Alta Precisi\u00f3n para uso industrial."},"content":{"rendered":"","protected":false},"excerpt":{"rendered":"<p><span style=\"font-weight: 400;\">B\u00e1scula contadora completamente programable que ofrece excepcional exactitud con un bill\u00f3n de conteos internos y lecturas de m\u00e1s de 3.5 millones de divisiones, que le permiten detectar con incre\u00edble precisi\u00f3n hasta el m\u00e1s peque\u00f1o cambio. Posee una gran flexibilidad con un amplio rango de aplicaciones, incluyendo chequeo de peso (Sobra\/Falta); control de inventarios; pesaje de precisi\u00f3n conforme a Buenas Pr\u00e1cticas de Laboratorio (GLP) Good Laboratory Practices con control Gerencial para Sistemas de Calidad; formulaci\u00f3n de densidades; pesaje en porcentajes y pesaje industrial con recetas en base a porcentajes. Configurable tambi\u00e9n para usos en donde se requiere segregar art\u00edculos por su peso, mostrando una pantalla gr\u00e1fica que le proporciona al usuario una clara indicaci\u00f3n de los grados de cada art\u00edculo y su ubicaci\u00f3n. \u00a0<\/span><\/p>\n<p>&nbsp;<\/p>\n<p><span style=\"font-weight: 400;\">Su tecnolog\u00eda con sensor de cuarzo de muy alta exactitud &#8211; Quartzell &#8211; le permite lograr una resoluci\u00f3n con 100,000 divisiones, ideal para pesar con gran precisi\u00f3n desde micro-componentes hasta art\u00edculos de gran tama\u00f1o.<\/span><\/p>\n<p>&nbsp;<\/p>\n<p><span style=\"font-weight: 400;\">Por su completa programabilidad, esta b\u00e1scula se puede configurar para satisfacer cualquier espec\u00edfica necesidad, otorgando al usuario una base de datos para control de inventarios y aplicaciones m\u00faltiples. <\/span><\/p>\n<p>&nbsp;<\/p>\n<p><span style=\"font-weight: 400;\">Su pantalla gr\u00e1fica t\u00e1ctil de 135mm x 75mm ofrece uno continuo uso de extrema durabilidad. En ella, sus pulsos tales como textos y gr\u00e1ficos, resultan en una interfase m\u00e1s intuitiva para navegar dentro de las diferentes aplicaciones.<\/span><\/p>\n<p>&nbsp;<\/p>\n<p><span style=\"font-weight: 400;\">Su gabinete extrusionado proporciona una gran robustez, as\u00ed como una impresionante seguridad a su transductor de cuarzo, otorg\u00e1ndole 1100% de protecci\u00f3n de sobrecarga. En forma paralela, un mecanismo de resortes de ruptura, protege la celda contra impactos y abruptas descargas de materiales, asegurando as\u00ed una repetibilidad y exactitud dentro de las m\u00e1s extremas condiciones. \u00a0\u00a0<\/span><\/p>\n<p>&nbsp;<\/p>\n<p><span style=\"font-weight: 400;\">En forma est\u00e1ndar incluye una base de datos 1000 PLU\u2019s y con la opci\u00f3n de una tarjeta micro SD, hasta 3500 PLU\u2019s, para almacenar pesos promedio por peso, as\u00ed como datos de inventarios y an\u00e1lisis estad\u00edsticos en tiempos reales; cr\u00edticos hoy en d\u00eda para los negocios y que son de gran ayuda para una mejora continua en la eficiencia de productos en l\u00ednea. Para mayores necesidades, su opci\u00f3n de enlace con el software PLU Lookup, herramienta externa de sistema de base de datos, le permite al usuario capturar, controlar y administrar datos para cientos de miles de partes en m\u00e1s de 32 b\u00e1sculas intercomunicadas. Su servidor web integrado permite que un amplio rango de datos puedan ser desplegados y visualizados en una PC o en un dispositivo m\u00f3vil. <\/span><\/p>\n<p>&nbsp;<\/p>\n<p><span style=\"font-weight: 400;\">Ofrece una amplia gama de opciones de conectividad; se puede interfasar a la mayor\u00eda de las PC\u2019s e impresoras a trav\u00e9s de sus puertos de comunicaci\u00f3n RS-232, USB y Ethernet, facilitando la captura y el an\u00e1lisis de datos de producci\u00f3n para maximizar el rendimiento en la operaci\u00f3n de la misma.<\/span><\/p>\n<p>&nbsp;<\/p>\n<p><span style=\"font-weight: 400;\">Contiene un sistema modular flexible para satisfacer diversas necesidades de aplicaci\u00f3n, adapt\u00e1ndose a una amplia gama de dispositivos, tales como pantalla remota, plataforma con rodamientos, esc\u00e1neres, sem\u00e1foro de luces y alarmas. <\/span><\/p>\n<p>&nbsp;<\/p>\n<p><span style=\"font-weight: 400;\">Se presenta en varias capacidades, con la opci\u00f3n de manejar una plataforma BSQ (cuarzo) local, dos plataformas remotas BSQ v\u00eda sus puertos seriales RS232 y dos plataformas an\u00e1logas remotas de mayor capacidad. Todas las plataformas que se lleguen a conectar trabajan en forma independiente; si falla una, las dem\u00e1s contin\u00faan trabajando.<\/span><\/p>\n","protected":false},"featured_media":8285,"template":"","meta":[],"class_list":["post-5137","product","type-product","status-publish","has-post-thumbnail","hentry","product_cat-bascula1","product_cat-contadora"],"_links":{"self":[{"href":"https:\/\/basculasint.com\/en\/wp-json\/wp\/v2\/product\/5137\/"}],"collection":[{"href":"https:\/\/basculasint.com\/en\/wp-json\/wp\/v2\/product\/"}],"about":[{"href":"https:\/\/basculasint.com\/en\/wp-json\/wp\/v2\/types\/product\/"}],"wp:featuredmedia":[{"embeddable":true,"href":"https:\/\/basculasint.com\/en\/wp-json\/wp\/v2\/media\/8285\/"}],"wp:attachment":[{"href":"https:\/\/basculasint.com\/en\/wp-json\/wp\/v2\/media\/?parent=5137"}],"curies":[{"name":"wp","href":"https:\/\/api.w.org\/{rel}","templated":true}]}}