{"id":5211,"date":"2018-05-21T01:09:49","date_gmt":"2018-05-21T07:09:49","guid":{"rendered":"http:\/\/localhost\/?post_type=product&#038;p=5211"},"modified":"2021-08-26T18:19:50","modified_gmt":"2021-08-26T18:19:50","slug":"impresora-de-escritorio-pc42t-honeywell","status":"publish","type":"product","link":"https:\/\/basculasint.com\/en\/producto\/impresora-de-escritorio-pc42t-honeywell\/","title":{"rendered":"Impresora de escritorio PC42t, Honeywell"},"content":{"rendered":"","protected":false},"excerpt":{"rendered":"<p>Sobre la base de m\u00e1s de 40 a\u00f1os de innovaciones en la impresi\u00f3n de c\u00f3digos de barras, la impresora de escritorio PC42t establece nuevos est\u00e1ndares para la facilidad de uso y la asequibilidad. Excepcionalmente compacta y f\u00e1cil de utilizar, esta impresora se instala de manera sencilla y est\u00e1 preparada para imprimir con rapidez. Su funcionamiento silencioso y fiable, adem\u00e1s de un dise\u00f1o intuitivo, convierten a la PC42t en la pieza ideal para aplicaciones de etiquetado livianas en una gran variedad de sectores industriales.<\/p>\n<p>Disponible con configuraciones de centros de los ribbons de 12,7 mm o 25,4 mm, la PC42t admite consumibles de hasta de impresi\u00f3n existentes. La configuraci\u00f3n de 25,4 mm es cuatro veces la longitud de las ofertas competitivas). Gracias a la admisi\u00f3n de cintas m\u00e1s largas, el tiempo de inactividad se reduce y las cintas se pueden compartir con impresoras mayores para proporcionar una flexibilidad de soportes aumentada.<\/p>\n<p>La PC42t incluye una amplia conectividad est\u00e1ndar industrial. Dispone de hasta cuatro puertos integrados: dispositivo USB y host USB est\u00e1ndares, m\u00e1s puerto en serie o puerto en serie + Ethernet opcionales. Cuenta con un cable de USB a paralelo que el usuario puede instalar, por lo que la PC42t encaja con facilidad pr\u00e1cticamente en cualquier entorno. Gracias a su tama\u00f1o compacto y la compatibilidad para la emulaci\u00f3n ZPL-II Honeywell ofrece una ruta de actualizaci\u00f3n sencilla en una gran variedad de impresoras competitivas.<\/p>\n<p>Con su precio asequible y sus funciones modernas, la PC42t representa una soluci\u00f3n inteligente para las peque\u00f1as o medianas empresas que deseen mejorar la productividad en las operaciones de creaci\u00f3n de etiquetas. Econ\u00f3mica en cuanto a su adquisici\u00f3n y uso, la PC42t tambi\u00e9n es una excelente opci\u00f3n para aquellos que busquen implementar la impresi\u00f3n de etiquetas t\u00e9rmicas por primera vez, o para aquellos que realicen la transici\u00f3n alej\u00e1ndose de los m\u00e9todos de impresi\u00f3n de etiquetas m\u00e1s caros (los basados en l\u00e1ser o en inyecci\u00f3n de tinta).<\/p>\n","protected":false},"featured_media":8642,"template":"","meta":[],"class_list":["post-5211","product","type-product","status-publish","has-post-thumbnail","hentry","product_cat-impresora-industrial","product_cat-termica-de-transferencia","product_cat-impresores"],"_links":{"self":[{"href":"https:\/\/basculasint.com\/en\/wp-json\/wp\/v2\/product\/5211\/"}],"collection":[{"href":"https:\/\/basculasint.com\/en\/wp-json\/wp\/v2\/product\/"}],"about":[{"href":"https:\/\/basculasint.com\/en\/wp-json\/wp\/v2\/types\/product\/"}],"wp:featuredmedia":[{"embeddable":true,"href":"https:\/\/basculasint.com\/en\/wp-json\/wp\/v2\/media\/8642\/"}],"wp:attachment":[{"href":"https:\/\/basculasint.com\/en\/wp-json\/wp\/v2\/media\/?parent=5211"}],"curies":[{"name":"wp","href":"https:\/\/api.w.org\/{rel}","templated":true}]}}