{"id":5226,"date":"2018-06-06T00:24:20","date_gmt":"2018-06-06T06:24:20","guid":{"rendered":"http:\/\/localhost\/?product=medical-deluxe-blood-pressure-monitor-with-bluetooth-ua-651ble-ad"},"modified":"2021-08-05T19:35:25","modified_gmt":"2021-08-05T19:35:25","slug":"medical-deluxe-blood-pressure-monitor-with-bluetooth-ua-651ble-ad-2","status":"publish","type":"product","link":"https:\/\/basculasint.com\/en\/producto\/medical-deluxe-blood-pressure-monitor-with-bluetooth-ua-651ble-ad-2\/","title":{"rendered":"Monitor de presi\u00f3n arterial Medical Deluxe con Bluetooth UA-651BLE, A&#038;D"},"content":{"rendered":"","protected":false},"excerpt":{"rendered":"<p>Presentamos el monitor de presi\u00f3n arterial Deluxe UA-651BLE, uno de los monitores m\u00e1s avanzados disponibles, dise\u00f1ado para facilitar el uso y la precisi\u00f3n con un dise\u00f1o simple, compacto y moderno. El UA-651BLE ofrece caracter\u00edsticas avanzadas que incluyen Pressure Rating IndicatorTM, detecci\u00f3n irregular de latidos card\u00edacos, indicador de bater\u00eda baja, tiempo de medici\u00f3n y sello de fecha y hasta 30 lecturas en el almacenamiento de la memoria interna.<br \/>\n<strong>Desbloquee el potencial del UA-651BLE con la plataforma A &amp; D WellnessConnectedTM <\/strong><\/p>\n<p>Ahora puede obtener una mayor percepci\u00f3n de su salud y bienestar como nunca antes. Como parte del portafolio WellnessConnectedTM de A &amp; D Medical, el UA-651BLE se conecta de manera f\u00e1cil, confiable y segura a su dispositivo m\u00f3vil compatible con iPhone o Android con la aplicaci\u00f3n A &amp; D Connect a trav\u00e9s de la tecnolog\u00eda Bluetooth\u00ae SmartTM. A &amp; D Connect es una aplicaci\u00f3n m\u00f3vil simple y f\u00e1cil de usar que le permite ver sus indicadores de bienestar de una forma completamente nueva, completa con tendencias y gr\u00e1ficos para todos sus dispositivos A &amp; D WellnessConnectedTM, incluida la presi\u00f3n arterial, el peso, la actividad y el sue\u00f1o. Con una cuenta de A &amp; D WellnessConnectedTM, tiene almacenamiento ilimitado en la nube de A &amp; D.<br \/>\n<strong>Rastrea tu bienestar. Comparte con otros.<\/strong><\/p>\n<p>A &amp; D Connect permite a los usuarios involucrar a los m\u00e9dicos y cuidadores en su control de salud y bienestar. Establezca sus metas, vea sus tendencias y viva bien. La funci\u00f3n para compartir de A &amp; D Connect le permite compartir sus datos de salud y bienestar con su familia, amigos y cuidadores a trav\u00e9s de correo electr\u00f3nico, plataformas de redes sociales y m\u00e1s.<\/p>\n<p>&nbsp;<\/p>\n<p><strong>Mediciones r\u00e1pidas y f\u00e1ciles<\/strong><\/p>\n<ul>\n<li>F\u00e1cil operaci\u00f3n con un bot\u00f3n para una medici\u00f3n r\u00e1pida y precisa<\/li>\n<li>La aplicaci\u00f3n gratuita A &amp; D Connect para el compa\u00f1ero autom\u00e1ticamente registra y mide las tendencias<\/li>\n<li>Env\u00ede sus mediciones de forma inal\u00e1mbrica a trav\u00e9s de Bluetooth a su tel\u00e9fono \/ tableta compatible<\/li>\n<li>Almacena lecturas ilimitadas en la aplicaci\u00f3n A &amp; D Connect m\u00e1s 30 en modo fuera de l\u00ednea<\/li>\n<li>Sincronizaci\u00f3n de fecha y hora con la aplicaci\u00f3n A &amp; D Connect para ayudar en la tendencia<\/li>\n<li>F\u00e1cil de compartir con la familia o los proveedores de atenci\u00f3n m\u00e9dica<\/li>\n<\/ul>\n<p><strong>Precisi\u00f3n de confianza<\/strong><\/p>\n<ul>\n<li>Cl\u00ednicamente validado para la precisi\u00f3n<\/li>\n<li>Indica un latido irregular del coraz\u00f3n (IHB) durante una medici\u00f3n<\/li>\n<li>Indicador de clasificaci\u00f3n de presi\u00f3n clasifica la presi\u00f3n arterial de acuerdo con los est\u00e1ndares<\/li>\n<li>m\u00e9dicamente aprobados<\/li>\n<\/ul>\n<p><strong>Comodidad del usuario<\/strong><\/p>\n<ul>\n<li>Manguito mediano f\u00e1cil de usar (para brazos de 9-14.6 &#8220;)<\/li>\n<li>Inflado suave permite una medici\u00f3n m\u00e1s c\u00f3moda<\/li>\n<\/ul>\n<p><strong>Conveniencia<\/strong><\/p>\n<ul>\n<li>Estuche de transporte incluido<\/li>\n<\/ul>\n<p><strong>Todos nuestros monitores de presi\u00f3n arterial vienen con:<\/strong><\/p>\n<ul>\n<li>5 a\u00f1os de garant\u00eda en el monitor \/ 2 a\u00f1os en el manguito<\/li>\n<li>Pu\u00f1os que no est\u00e1n hechos con l\u00e1tex de caucho natural<\/li>\n<li>Indicador de vida \u00fatil<\/li>\n<\/ul>\n","protected":false},"featured_media":8488,"template":"","meta":[],"class_list":["post-5226","product","type-product","status-publish","has-post-thumbnail","hentry","product_cat-equipo-medico"],"_links":{"self":[{"href":"https:\/\/basculasint.com\/en\/wp-json\/wp\/v2\/product\/5226\/"}],"collection":[{"href":"https:\/\/basculasint.com\/en\/wp-json\/wp\/v2\/product\/"}],"about":[{"href":"https:\/\/basculasint.com\/en\/wp-json\/wp\/v2\/types\/product\/"}],"wp:featuredmedia":[{"embeddable":true,"href":"https:\/\/basculasint.com\/en\/wp-json\/wp\/v2\/media\/8488\/"}],"wp:attachment":[{"href":"https:\/\/basculasint.com\/en\/wp-json\/wp\/v2\/media\/?parent=5226"}],"curies":[{"name":"wp","href":"https:\/\/api.w.org\/{rel}","templated":true}]}}