{"id":5365,"date":"2018-10-29T14:45:54","date_gmt":"2018-10-29T20:45:54","guid":{"rendered":"http:\/\/localhost\/?post_type=product&#038;p=5365"},"modified":"2021-08-26T18:07:15","modified_gmt":"2021-08-26T18:07:15","slug":"analizador-de-composicion-corporal-d1000-1-parte-inferior-del-cuerpo","status":"publish","type":"product","link":"https:\/\/basculasint.com\/en\/producto\/analizador-de-composicion-corporal-d1000-1-parte-inferior-del-cuerpo\/","title":{"rendered":"Analizador de composici\u00f3n corporal D1000-1 Parte inferior del cuerpo"},"content":{"rendered":"","protected":false},"excerpt":{"rendered":"<ul>\n<li>Composici\u00f3n de cuerpo inferior de una sola frecuencia obtenida a partir del an\u00e1lisis de impedancia bioel\u00e9ctrica (BIA) a trav\u00e9s de electrodos de base de escala<\/li>\n<li>Modo configurable por el usuario: Modo adulto y atleta, luchador, objetivo y peso solamente<\/li>\n<li>Impresora t\u00e9rmica incorporada<\/li>\n<li>Terminal USB y puerto RS-232 para interfaz de computadora<\/li>\n<li>Incluye adaptador de CA y dos rollos de papel para impresora t\u00e9rmica.<\/li>\n<\/ul>\n","protected":false},"featured_media":8634,"template":"","meta":[],"class_list":["post-5365","product","type-product","status-publish","has-post-thumbnail","hentry","product_cat-pallet-jack"],"_links":{"self":[{"href":"https:\/\/basculasint.com\/en\/wp-json\/wp\/v2\/product\/5365\/"}],"collection":[{"href":"https:\/\/basculasint.com\/en\/wp-json\/wp\/v2\/product\/"}],"about":[{"href":"https:\/\/basculasint.com\/en\/wp-json\/wp\/v2\/types\/product\/"}],"wp:featuredmedia":[{"embeddable":true,"href":"https:\/\/basculasint.com\/en\/wp-json\/wp\/v2\/media\/8634\/"}],"wp:attachment":[{"href":"https:\/\/basculasint.com\/en\/wp-json\/wp\/v2\/media\/?parent=5365"}],"curies":[{"name":"wp","href":"https:\/\/api.w.org\/{rel}","templated":true}]}}