{"id":5372,"date":"2018-10-29T17:18:15","date_gmt":"2018-10-29T23:18:15","guid":{"rendered":"http:\/\/localhost\/?post_type=product&#038;p=5372"},"modified":"2021-08-26T18:14:39","modified_gmt":"2021-08-26T18:14:39","slug":"protectores-de-parachoques-roughdeck-hp-hp-h-ss-y-he","status":"publish","type":"product","link":"https:\/\/basculasint.com\/en\/producto\/protectores-de-parachoques-roughdeck-hp-hp-h-ss-y-he\/","title":{"rendered":"Protectores de parachoques RoughDeck\u00ae HP, HP-H, SS y HE"},"content":{"rendered":"","protected":false},"excerpt":{"rendered":"<p>Para proteger su b\u00e1scula de piso RoughDeck\u00ae de contactos no deseados y potencialmente da\u00f1inos, instale los protectores de parachoques RoughDeck en cualquiera o en todos los lados. Las versiones RoughDeck HP y HP-H est\u00e1n pintadas en amarillo seguridad para una visibilidad \u00f3ptima, protegiendo a\u00fan m\u00e1s su b\u00e1scula de piso RoughDeck.<\/p>\n","protected":false},"featured_media":8638,"template":"","meta":[],"class_list":["post-5372","product","type-product","status-publish","has-post-thumbnail","hentry","product_cat-piso","product_cat-plataforma"],"_links":{"self":[{"href":"https:\/\/basculasint.com\/en\/wp-json\/wp\/v2\/product\/5372\/"}],"collection":[{"href":"https:\/\/basculasint.com\/en\/wp-json\/wp\/v2\/product\/"}],"about":[{"href":"https:\/\/basculasint.com\/en\/wp-json\/wp\/v2\/types\/product\/"}],"wp:featuredmedia":[{"embeddable":true,"href":"https:\/\/basculasint.com\/en\/wp-json\/wp\/v2\/media\/8638\/"}],"wp:attachment":[{"href":"https:\/\/basculasint.com\/en\/wp-json\/wp\/v2\/media\/?parent=5372"}],"curies":[{"name":"wp","href":"https:\/\/api.w.org\/{rel}","templated":true}]}}