{"id":5391,"date":"2018-11-01T17:53:42","date_gmt":"2018-11-01T23:53:42","guid":{"rendered":"http:\/\/localhost\/?post_type=product&#038;p=5391"},"modified":"2021-08-26T18:26:22","modified_gmt":"2021-08-26T18:26:22","slug":"impresoras-moviles-resistentes-de-la-serie-rp4-y-rp6-honeywell","status":"publish","type":"product","link":"https:\/\/basculasint.com\/en\/producto\/impresoras-moviles-resistentes-de-la-serie-rp4-y-rp6-honeywell\/","title":{"rendered":"Impresoras m\u00f3viles resistentes de la serie RP4 y RP6, Honeywell"},"content":{"rendered":"","protected":false},"excerpt":{"rendered":"<p>Si est\u00e1 buscando una impresora de recibos m\u00f3vil confiable y ultra resistente para contabilidad de rutas, entrega directa en tiendas, impresi\u00f3n de citas, recibos de devoluci\u00f3n de alquiler de autom\u00f3viles y m\u00e1s, no busque m\u00e1s, la Serie RP.\u00a0Este resistente competidor soporta las ca\u00eddas y la exposici\u00f3n al polvo y al agua, y est\u00e1 dise\u00f1ado para impresiones de todo el d\u00eda con una duraci\u00f3n de bater\u00eda de turno completo.<br \/>\n<strong>Impresi\u00f3n m\u00f3vil hecha m\u00e1s r\u00e1pido<\/strong><br \/>\nLa serie RP son impresoras t\u00e9rmicas m\u00f3viles r\u00e1pidas para los entornos m\u00e1s resistentes. Cuentan con la \u00faltima tecnolog\u00eda inal\u00e1mbrica para uso sin ataduras, lo que aumenta la productividad de los trabajadores.<\/p>\n<p><strong>Informe basado en objetivos de Honeywell<\/strong><br \/>\nAumente el tiempo de actividad y planifique de manera proactiva el mantenimiento de la impresora con an\u00e1lisis integrados sobre la antig\u00fcedad de la bater\u00eda, el estado del cabezal de impresi\u00f3n y el historial ambiental de la impresora.<\/p>\n<p><strong>Sin tiempo de inactividad<\/strong><br \/>\nLa bater\u00eda de alta capacidad se puede cambiar sin reiniciar la impresora o perder la conectividad. La antig\u00fcedad de la bater\u00eda se proporciona como parte del an\u00e1lisis de la impresora.<\/p>\n","protected":false},"featured_media":8654,"template":"","meta":[],"class_list":["post-5391","product","type-product","status-publish","has-post-thumbnail","hentry","product_cat-impresora-industrial","product_cat-impresores"],"_links":{"self":[{"href":"https:\/\/basculasint.com\/en\/wp-json\/wp\/v2\/product\/5391\/"}],"collection":[{"href":"https:\/\/basculasint.com\/en\/wp-json\/wp\/v2\/product\/"}],"about":[{"href":"https:\/\/basculasint.com\/en\/wp-json\/wp\/v2\/types\/product\/"}],"wp:featuredmedia":[{"embeddable":true,"href":"https:\/\/basculasint.com\/en\/wp-json\/wp\/v2\/media\/8654\/"}],"wp:attachment":[{"href":"https:\/\/basculasint.com\/en\/wp-json\/wp\/v2\/media\/?parent=5391"}],"curies":[{"name":"wp","href":"https:\/\/api.w.org\/{rel}","templated":true}]}}