{"id":5403,"date":"2019-02-20T15:22:27","date_gmt":"2019-02-20T15:22:27","guid":{"rendered":"http:\/\/localhost\/?post_type=product&#038;p=5403"},"modified":"2021-05-11T19:23:38","modified_gmt":"2021-05-11T19:23:38","slug":"zk810-bascula-de-conteo-digital","status":"publish","type":"product","link":"https:\/\/basculasint.com\/en\/producto\/zk810-bascula-de-conteo-digital\/","title":{"rendered":"ZK810 Bascula de conteo digital"},"content":{"rendered":"","protected":false},"excerpt":{"rendered":"<p>La bascula de conteo ZK810 digital de Avery Weigh-Tronix est\u00e1 dise\u00f1ado para proporcionar cantidades de piezas e informaci\u00f3n general de pesaje de alta precisi\u00f3n para aplicaciones que no requieren la aprobaci\u00f3n legal para el comercio.<br \/>\nCon una interfaz de usuario simplificada y robusta base de BSQ Quartzell, la ZK810 reduce el tiempo de formaci\u00f3n del cliente al tiempo que proporciona la fuerza y la precisi\u00f3n requerida para una variedad de aplicaciones de pesaje y conteo.<\/p>\n<p>&nbsp;<\/p>\n<p><strong>Supera a basculas de recuento de precio similar<\/strong><br \/>\nEl ZK810 fue construido para el conteo. El Quartzell utilizado en la ZK810 ofrece una precisi\u00f3n excepcional, pero con menos curvas y pasos de perfilado que el Quartzell est\u00e1ndar en el ZK830 y ZK840. Esto permite la reducci\u00f3n del tiempo de producci\u00f3n y ahorro de costes, mientras que se mantiene la resoluci\u00f3n interior de 500 millones de conteos, y la precisi\u00f3n m\u00e1s del 99% de piezas incre\u00edblemente peque\u00f1os.<\/p>\n<p>&nbsp;<\/p>\n<p><strong>Interfaz de usuario simplificada<\/strong><br \/>\nCon s\u00f3lo las caracter\u00edsticas esenciales bascula de conteo, la bascula de conteo ZK810 es simple de operar. La formaci\u00f3n y configuraci\u00f3n son sencillos, para que pueda comenzar el pesaje y conteo en pocos pasos.<\/p>\n<p>&nbsp;<\/p>\n<p><strong>Dise\u00f1o robusto<\/strong><br \/>\nEl ZK810 utiliza la misma carcasa de concha de almeja robusta como nuestro BSQ. En combinaci\u00f3n con el nuevo dise\u00f1o Quartzell suspendido, el ZK810 ofrece 1,100% de protecci\u00f3n de sobrecarga.<\/p>\n","protected":false},"featured_media":8281,"template":"","meta":[],"class_list":["post-5403","product","type-product","status-publish","has-post-thumbnail","hentry","product_cat-bascula1","product_cat-contadora"],"_links":{"self":[{"href":"https:\/\/basculasint.com\/en\/wp-json\/wp\/v2\/product\/5403\/"}],"collection":[{"href":"https:\/\/basculasint.com\/en\/wp-json\/wp\/v2\/product\/"}],"about":[{"href":"https:\/\/basculasint.com\/en\/wp-json\/wp\/v2\/types\/product\/"}],"wp:featuredmedia":[{"embeddable":true,"href":"https:\/\/basculasint.com\/en\/wp-json\/wp\/v2\/media\/8281\/"}],"wp:attachment":[{"href":"https:\/\/basculasint.com\/en\/wp-json\/wp\/v2\/media\/?parent=5403"}],"curies":[{"name":"wp","href":"https:\/\/api.w.org\/{rel}","templated":true}]}}