{"id":5417,"date":"2019-03-05T19:02:26","date_gmt":"2019-03-06T01:02:26","guid":{"rendered":"http:\/\/localhost\/?post_type=product&#038;p=5417"},"modified":"2021-05-13T18:42:58","modified_gmt":"2021-05-13T18:42:58","slug":"bascula-de-tazon-5-kg-bata-5-rhino","status":"publish","type":"product","link":"https:\/\/basculasint.com\/en\/producto\/bascula-de-tazon-5-kg-bata-5-rhino\/","title":{"rendered":"B\u00e1scula De Taz\u00f3n 5 Kg BATA-5, Rhino"},"content":{"rendered":"","protected":false},"excerpt":{"rendered":"<p><strong>Marca: Rhino<\/strong><\/p>\n<p><strong>Modelo: BATA-5<\/strong><\/p>\n<p><strong>Capacidad: 5 kg<\/strong><\/p>\n<p><strong>Precisi\u00f3n: 1 g<\/strong><\/p>\n<p>Calcula peso y volumen<\/p>\n<p>Funciona con 2 bater\u00edas AAA<\/p>\n<p>Ahorro de energ\u00eda<\/p>\n<p><strong>Ideal para la elaboraci\u00f3n de platillos. Adem\u00e1s de pesar, calcula volumen en mililitros, onzas l\u00edquidas y tazas (de leche, agua, harina y aceite)<\/strong><\/p>\n<ul>\n<li>Taz\u00f3n de acero inoxidable de 1.5 litros de capacidad<\/li>\n<li>Pesa en: gramos, libras y onzas<\/li>\n<li>Totalmente port\u00e1til, funciona con 2 bater\u00edas AAA (incluidas)<\/li>\n<\/ul>\n","protected":false},"featured_media":8314,"template":"","meta":[],"class_list":["post-5417","product","type-product","status-publish","has-post-thumbnail","hentry","product_cat-bascula1","product_cat-presion-bascula"],"_links":{"self":[{"href":"https:\/\/basculasint.com\/en\/wp-json\/wp\/v2\/product\/5417\/"}],"collection":[{"href":"https:\/\/basculasint.com\/en\/wp-json\/wp\/v2\/product\/"}],"about":[{"href":"https:\/\/basculasint.com\/en\/wp-json\/wp\/v2\/types\/product\/"}],"wp:featuredmedia":[{"embeddable":true,"href":"https:\/\/basculasint.com\/en\/wp-json\/wp\/v2\/media\/8314\/"}],"wp:attachment":[{"href":"https:\/\/basculasint.com\/en\/wp-json\/wp\/v2\/media\/?parent=5417"}],"curies":[{"name":"wp","href":"https:\/\/api.w.org\/{rel}","templated":true}]}}