{"id":5429,"date":"2019-03-21T13:37:21","date_gmt":"2019-03-21T19:37:21","guid":{"rendered":"http:\/\/localhost\/?post_type=product&#038;p=5429"},"modified":"2021-08-26T18:19:03","modified_gmt":"2021-08-26T18:19:03","slug":"impresora-de-escritorio-pc23d","status":"publish","type":"product","link":"https:\/\/basculasint.com\/en\/producto\/impresora-de-escritorio-pc23d\/","title":{"rendered":"Impresora de escritorio PC23d"},"content":{"rendered":"","protected":false},"excerpt":{"rendered":"<p class=\"lead score-component score-content score-lead h-lead h-lead--introduction-copy\">F\u00e1cil de instalar y f\u00e1cil de usar, las impresoras PC43t (transferencia t\u00e9rmica) y PC43d (t\u00e9rmica directa) impresoras de 101,6 mm (4 in), junto con la impresora PC23d de 50,8 mm (2 in):\u00a0son perfectas para lugares con limitaciones de espacio. Tambi\u00e9n ofrecemos soluciones personalizadas para el transporte y la mensajer\u00eda, salud, minoristas y hosteler\u00eda, as\u00ed como las peque\u00f1as y medianas empresas.<\/p>\n<p class=\"lead score-component score-content score-lead h-lead h-lead--body-copy\">Intuitivas<\/p>\n<p class=\"lead score-component score-content score-lead h-lead h-lead--body-copy\">F\u00e1ciles de instalar e incluso m\u00e1s f\u00e1ciles de utilizar, con recarga de consumibles con una sola mano y configuraci\u00f3n r\u00e1pida a trav\u00e9s de USB.<\/p>\n<p class=\"lead score-component score-content score-lead h-lead h-lead--body-copy\">Flexible<\/p>\n<p class=\"lead score-component score-content score-lead h-lead h-lead--body-copy\">El ajuste perfecto para sus necesidades actuales y del ma\u00f1ana, la serie PC puede mejorarse con actualizaciones de conectividad y accesorios instalables por el usuario.<\/p>\n<p class=\"lead score-component score-content score-lead h-lead h-lead--body-copy\">Inteligente<\/p>\n<p class=\"lead score-component score-content score-lead h-lead h-lead--body-copy\">Las impresoras de la serie PC le ayuda a mantenerse informado y productivo. Son incluso programables, con la capacidad para a\u00f1adir teclados o balanzas sin una PC.<\/p>\n<p class=\"lead score-component score-content score-lead h-lead h-lead--body-copy\">Elegante<\/p>\n<p class=\"lead score-component score-content score-lead h-lead h-lead--body-copy\">Un dise\u00f1o optimizado pero ergon\u00f3mico y una pantalla a color vibrante hacen la indicaci\u00f3n de estado s\u00faper n\u00edtida, y el teclado suave al tacto permite un ajuste de impresora c\u00f3modamente.<\/p>\n","protected":false},"featured_media":8640,"template":"","meta":[],"class_list":["post-5429","product","type-product","status-publish","has-post-thumbnail","hentry","product_cat-impresora-industrial"],"_links":{"self":[{"href":"https:\/\/basculasint.com\/en\/wp-json\/wp\/v2\/product\/5429\/"}],"collection":[{"href":"https:\/\/basculasint.com\/en\/wp-json\/wp\/v2\/product\/"}],"about":[{"href":"https:\/\/basculasint.com\/en\/wp-json\/wp\/v2\/types\/product\/"}],"wp:featuredmedia":[{"embeddable":true,"href":"https:\/\/basculasint.com\/en\/wp-json\/wp\/v2\/media\/8640\/"}],"wp:attachment":[{"href":"https:\/\/basculasint.com\/en\/wp-json\/wp\/v2\/media\/?parent=5429"}],"curies":[{"name":"wp","href":"https:\/\/api.w.org\/{rel}","templated":true}]}}