{"id":5432,"date":"2019-03-21T14:37:56","date_gmt":"2019-03-21T20:37:56","guid":{"rendered":"http:\/\/localhost\/?post_type=product&#038;p=5432"},"modified":"2021-08-26T18:25:32","modified_gmt":"2021-08-26T18:25:32","slug":"impresoras-industriales-pm43-pm43c-y-pm23c","status":"publish","type":"product","link":"https:\/\/basculasint.com\/en\/producto\/impresoras-industriales-pm43-pm43c-y-pm23c\/","title":{"rendered":"Impresoras industriales PM43, PM43c y PM23c"},"content":{"rendered":"","protected":false},"excerpt":{"rendered":"<p class=\"lead score-component score-content score-lead h-lead h-lead--introduction-copy\">Las impresoras inteligentes programable de la serie PM le ofrecen un rendimiento fiable para una garant\u00eda de tiempo de actividad, una r\u00e1pida implementaci\u00f3n e integraci\u00f3n, y la producci\u00f3n m\u00e1s r\u00e1pida en su clase: no se requiere una PC. Las impresoras PM43\/43c (101,6 mm\/4 in) y el modelo PM23c (50,8 mm\/2 in) est\u00e1n disponibles en una variedad de tama\u00f1os de cubierta y tipos de puerta para ajustarse a su aplicaci\u00f3n exacta.<\/p>\n<p class=\"lead score-component score-content score-lead h-lead h-lead--body-copy\">Listo<\/p>\n<p class=\"lead score-component score-content score-lead h-lead h-lead--body-copy\">R\u00e1pidas de implementar y f\u00e1ciles de integrar, las impresoras de la serie PM se adaptan a pr\u00e1cticamente cualquier entorno.<\/p>\n<p class=\"lead score-component score-content score-lead h-lead h-lead--body-copy\">Fiables<\/p>\n<p class=\"lead score-component score-content score-lead h-lead h-lead--body-copy\">Ahora en sus tercera generaci\u00f3n, las impresoras PM43, PM43c y PM23c son miembros de la familia bien probada de impresoras industriales de gama media de la serie PM.<\/p>\n<p class=\"lead score-component score-content score-lead h-lead h-lead--body-copy\">R\u00e1pido<\/p>\n<p class=\"lead score-component score-content score-lead h-lead h-lead--body-copy\">Alta velocidad de impresi\u00f3n de 304 mm\/s (12 ips) y consistente calidad de impresi\u00f3n de c\u00f3digos de barras con una precisi\u00f3n \u00fanica.<\/p>\n<p class=\"lead score-component score-content score-lead h-lead h-lead--body-copy\">Inteligente<\/p>\n<p class=\"lead score-component score-content score-lead h-lead h-lead--body-copy\">Ejecute las aplicaciones directamente dentro de la impresora, controle los perif\u00e9ricos y elimine la necesidad de conectar un PC mediante C# para Impresoras o FingerPrint.<\/p>\n","protected":false},"featured_media":8652,"template":"","meta":[],"class_list":["post-5432","product","type-product","status-publish","has-post-thumbnail","hentry","product_cat-impresora-industrial"],"_links":{"self":[{"href":"https:\/\/basculasint.com\/en\/wp-json\/wp\/v2\/product\/5432\/"}],"collection":[{"href":"https:\/\/basculasint.com\/en\/wp-json\/wp\/v2\/product\/"}],"about":[{"href":"https:\/\/basculasint.com\/en\/wp-json\/wp\/v2\/types\/product\/"}],"wp:featuredmedia":[{"embeddable":true,"href":"https:\/\/basculasint.com\/en\/wp-json\/wp\/v2\/media\/8652\/"}],"wp:attachment":[{"href":"https:\/\/basculasint.com\/en\/wp-json\/wp\/v2\/media\/?parent=5432"}],"curies":[{"name":"wp","href":"https:\/\/api.w.org\/{rel}","templated":true}]}}