{"id":5438,"date":"2019-04-01T15:07:52","date_gmt":"2019-04-01T21:07:52","guid":{"rendered":"http:\/\/localhost\/?post_type=product&#038;p=5438"},"modified":"2021-08-26T17:17:07","modified_gmt":"2021-08-26T17:17:07","slug":"voyager-1202g-bf-escaner-honeywell","status":"publish","type":"product","link":"https:\/\/basculasint.com\/en\/producto\/voyager-1202g-bf-escaner-honeywell\/","title":{"rendered":"Voyager 1202g-bf Esc\u00e1ner, Honeywell"},"content":{"rendered":"","protected":false},"excerpt":{"rendered":"<div class=\"well score-component score-content score-well h-col-sm-6 h-col-md-4\">\n<div class=\"score-component score-content score-content-spot\">\n<p>Si su escaneo de producto a veces requiere escaneo inal\u00e1mbrico \u2013 por ejemplo, para complementar los bi\u00f3pticos, los esc\u00e1neres en el mostrador en una tienda minorista donde los cajeros deben escanear elementos voluminosos dejados en los carritos de compras \u2013 entonces el esc\u00e1ner l\u00e1ser de l\u00ednea \u00fanica Voyager 1202g-bf es ideal.<\/p>\n<p>Eso\u2019es porque el esc\u00e1ner 1202g-bf incorpora una innovadora tecnolog\u00eda inal\u00e1mbrica sin bater\u00edas. Sin las bater\u00edas, este esc\u00e1ner m\u00f3vil es m\u00e1s ligero y m\u00e1s ecol\u00f3gico, y elimina una molestia habitual en el mantenimiento. (Encuentre m\u00e1s informaci\u00f3n en:\u00a0<a href=\"https:\/\/www.honeywellaidc.com\/sitecore\/media%20library\/en\/files-public\/white-papers\/green-option-for-barcode-scanning-white-paper-en\" target=\"_blank\" rel=\"noopener\">Presentamos una opci\u00f3n &#8216;Verde&#8217; para el escaneo de c\u00f3digos de barras<\/a>).<\/p>\n<\/div>\n<\/div>\n<div class=\"well score-component score-content score-well h-col-sm-6 h-col-md-4\">\n<div class=\"score-component score-content score-content-spot\">\n<p>En lugar de una bater\u00eda, el esc\u00e1ner 1202g-bf tiene supercondensadores capaces de obtener una carga completa en menos de 35 segundos. Esa es suficiente energ\u00eda inal\u00e1mbrica para que dure al menos 100 escaneos.<\/p>\n<p>Y como todos los esc\u00e1neres Voyager, el dispositivo 1202g-bf ofrece un desempe\u00f1o de escaneo din\u00e1mico de c\u00f3digos de barras, incluso en c\u00f3digos de barras da\u00f1ados o de mala calidad.<\/p>\n<\/div>\n<\/div>\n","protected":false},"featured_media":8596,"template":"","meta":[],"class_list":["post-5438","product","type-product","status-publish","has-post-thumbnail","hentry","product_cat-escaner","product_cat-escaneres-para-uso-general"],"_links":{"self":[{"href":"https:\/\/basculasint.com\/en\/wp-json\/wp\/v2\/product\/5438\/"}],"collection":[{"href":"https:\/\/basculasint.com\/en\/wp-json\/wp\/v2\/product\/"}],"about":[{"href":"https:\/\/basculasint.com\/en\/wp-json\/wp\/v2\/types\/product\/"}],"wp:featuredmedia":[{"embeddable":true,"href":"https:\/\/basculasint.com\/en\/wp-json\/wp\/v2\/media\/8596\/"}],"wp:attachment":[{"href":"https:\/\/basculasint.com\/en\/wp-json\/wp\/v2\/media\/?parent=5438"}],"curies":[{"name":"wp","href":"https:\/\/api.w.org\/{rel}","templated":true}]}}